{"id":110711,"date":"2025-05-27T14:23:39","date_gmt":"2025-05-27T14:23:39","guid":{"rendered":"https:\/\/windsorbrokers.com\/?page_id=110711"},"modified":"2025-08-05T13:19:01","modified_gmt":"2025-08-05T13:19:01","slug":"trading-courses","status":"publish","type":"page","link":"https:\/\/windsorbrokers.com\/vi\/tools\/education\/trading-courses\/","title":{"rendered":"Trading Courses"},"content":{"rendered":"\t\t<div data-elementor-type=\"wp-page\" data-elementor-id=\"110711\" class=\"elementor elementor-110711 elementor-70097\" data-elementor-settings=\"{&quot;element_pack_global_tooltip_width&quot;:{&quot;unit&quot;:&quot;px&quot;,&quot;size&quot;:&quot;&quot;,&quot;sizes&quot;:[]},&quot;element_pack_global_tooltip_width_widescreen&quot;:{&quot;unit&quot;:&quot;px&quot;,&quot;size&quot;:&quot;&quot;,&quot;sizes&quot;:[]},&quot;element_pack_global_tooltip_width_laptop&quot;:{&quot;unit&quot;:&quot;px&quot;,&quot;size&quot;:&quot;&quot;,&quot;sizes&quot;:[]},&quot;element_pack_global_tooltip_width_tablet&quot;:{&quot;unit&quot;:&quot;px&quot;,&quot;size&quot;:&quot;&quot;,&quot;sizes&quot;:[]},&quot;element_pack_global_tooltip_width_mobile&quot;:{&quot;unit&quot;:&quot;px&quot;,&quot;size&quot;:&quot;&quot;,&quot;sizes&quot;:[]},&quot;element_pack_global_tooltip_padding&quot;:{&quot;unit&quot;:&quot;px&quot;,&quot;top&quot;:&quot;&quot;,&quot;right&quot;:&quot;&quot;,&quot;bottom&quot;:&quot;&quot;,&quot;left&quot;:&quot;&quot;,&quot;isLinked&quot;:true},&quot;element_pack_global_tooltip_padding_widescreen&quot;:{&quot;unit&quot;:&quot;px&quot;,&quot;top&quot;:&quot;&quot;,&quot;right&quot;:&quot;&quot;,&quot;bottom&quot;:&quot;&quot;,&quot;left&quot;:&quot;&quot;,&quot;isLinked&quot;:true},&quot;element_pack_global_tooltip_padding_laptop&quot;:{&quot;unit&quot;:&quot;px&quot;,&quot;top&quot;:&quot;&quot;,&quot;right&quot;:&quot;&quot;,&quot;bottom&quot;:&quot;&quot;,&quot;left&quot;:&quot;&quot;,&quot;isLinked&quot;:true},&quot;element_pack_global_tooltip_padding_tablet&quot;:{&quot;unit&quot;:&quot;px&quot;,&quot;top&quot;:&quot;&quot;,&quot;right&quot;:&quot;&quot;,&quot;bottom&quot;:&quot;&quot;,&quot;left&quot;:&quot;&quot;,&quot;isLinked&quot;:true},&quot;element_pack_global_tooltip_padding_mobile&quot;:{&quot;unit&quot;:&quot;px&quot;,&quot;top&quot;:&quot;&quot;,&quot;right&quot;:&quot;&quot;,&quot;bottom&quot;:&quot;&quot;,&quot;left&quot;:&quot;&quot;,&quot;isLinked&quot;:true},&quot;element_pack_global_tooltip_border_radius&quot;:{&quot;unit&quot;:&quot;px&quot;,&quot;top&quot;:&quot;&quot;,&quot;right&quot;:&quot;&quot;,&quot;bottom&quot;:&quot;&quot;,&quot;left&quot;:&quot;&quot;,&quot;isLinked&quot;:true},&quot;element_pack_global_tooltip_border_radius_widescreen&quot;:{&quot;unit&quot;:&quot;px&quot;,&quot;top&quot;:&quot;&quot;,&quot;right&quot;:&quot;&quot;,&quot;bottom&quot;:&quot;&quot;,&quot;left&quot;:&quot;&quot;,&quot;isLinked&quot;:true},&quot;element_pack_global_tooltip_border_radius_laptop&quot;:{&quot;unit&quot;:&quot;px&quot;,&quot;top&quot;:&quot;&quot;,&quot;right&quot;:&quot;&quot;,&quot;bottom&quot;:&quot;&quot;,&quot;left&quot;:&quot;&quot;,&quot;isLinked&quot;:true},&quot;element_pack_global_tooltip_border_radius_tablet&quot;:{&quot;unit&quot;:&quot;px&quot;,&quot;top&quot;:&quot;&quot;,&quot;right&quot;:&quot;&quot;,&quot;bottom&quot;:&quot;&quot;,&quot;left&quot;:&quot;&quot;,&quot;isLinked&quot;:true},&quot;element_pack_global_tooltip_border_radius_mobile&quot;:{&quot;unit&quot;:&quot;px&quot;,&quot;top&quot;:&quot;&quot;,&quot;right&quot;:&quot;&quot;,&quot;bottom&quot;:&quot;&quot;,&quot;left&quot;:&quot;&quot;,&quot;isLinked&quot;:true}}\" data-elementor-post-type=\"page\">\n\t\t\t\t\t\t<section class=\"elementor-section elementor-top-section elementor-element elementor-element-9eba46a elementor-section-boxed elementor-section-height-default elementor-section-height-default\" data-id=\"9eba46a\" data-element_type=\"section\" data-e-type=\"section\">\n\t\t\t\t\t\t<div class=\"elementor-container elementor-column-gap-default\">\n\t\t\t\t\t<div class=\"elementor-column elementor-col-100 elementor-top-column elementor-element elementor-element-8a71c3e\" data-id=\"8a71c3e\" data-element_type=\"column\" data-e-type=\"column\">\n\t\t\t<div class=\"elementor-widget-wrap elementor-element-populated\">\n\t\t\t\t\t\t<div class=\"elementor-element elementor-element-29f9824 elementor-widget elementor-widget-heading\" data-id=\"29f9824\" data-element_type=\"widget\" data-e-type=\"widget\" data-widget_type=\"heading.default\">\n\t\t\t\t<div class=\"elementor-widget-container\">\n\t\t\t\t\t<h2 class=\"elementor-heading-title elementor-size-default\">Giao d\u1ecbch th\u00f4ng minh h\u01a1n v\u1edbi \nC\u00e1c Kh\u00f3a H\u1ecdc Giao D\u1ecbch \u0111\u01b0\u1ee3c thi\u1ebft k\u1ebf ri\u00eang<\/h2>\t\t\t\t<\/div>\n\t\t\t\t<\/div>\n\t\t\t\t<div class=\"elementor-element elementor-element-625af99 elementor-widget elementor-widget-text-editor\" data-id=\"625af99\" data-element_type=\"widget\" data-e-type=\"widget\" data-widget_type=\"text-editor.default\">\n\t\t\t\t<div class=\"elementor-widget-container\">\n\t\t\t\t\t\t\t\t\t<p>H\u1ecdc c\u00e1ch giao d\u1ecbch v\u1edbi s\u1ef1 t\u1ef1 tin th\u00f4ng qua c\u00e1c kh\u00f3a h\u1ecdc \u0111\u01b0\u1ee3c ch\u1ecdn l\u1ecdc c\u1ea9n th\u1eadn. M\u1ed7i module \u0111\u01b0\u1ee3c thi\u1ebft k\u1ebf \u0111\u1ec3 n\u00e2ng cao k\u1ef9 n\u0103ng c\u1ee7a b\u1ea1n v\u00e0 chu\u1ea9n b\u1ecb cho b\u1ea1n \u0111\u1ed1i m\u1eb7t v\u1edbi nh\u1eefng th\u00e1ch th\u1ee9c c\u1ee7a c\u00e1c th\u1ecb tr\u01b0\u1eddng t\u00e0i ch\u00ednh to\u00e0n c\u1ea7u.<\/p>\t\t\t\t\t\t\t\t<\/div>\n\t\t\t\t<\/div>\n\t\t\t\t\t<\/div>\n\t\t<\/div>\n\t\t\t\t\t<\/div>\n\t\t<\/section>\n\t\t\t\t<section class=\"elementor-section elementor-top-section elementor-element elementor-element-65093c7 elementor-section-boxed elementor-section-height-default elementor-section-height-default\" data-id=\"65093c7\" data-element_type=\"section\" data-e-type=\"section\">\n\t\t\t\t\t\t<div class=\"elementor-container elementor-column-gap-default\">\n\t\t\t\t\t<div class=\"elementor-column elementor-col-100 elementor-top-column elementor-element elementor-element-42d6e9e\" data-id=\"42d6e9e\" data-element_type=\"column\" data-e-type=\"column\">\n\t\t\t<div class=\"elementor-widget-wrap elementor-element-populated\">\n\t\t\t\t\t\t<div class=\"elementor-element elementor-element-bd9637b elementor-widget elementor-widget-html\" data-id=\"bd9637b\" data-element_type=\"widget\" data-e-type=\"widget\" data-widget_type=\"html.default\">\n\t\t\t\t<div class=\"elementor-widget-container\">\n\t\t\t\t\t<script\r\n          page=\"courses\"\r\n          bearer=\"$2y$10$j9WtVqa2SeGlNDF9TSmoRep7YlMG8zyq5vbluF7GUWE9UtAn248va\"\r\n          xDomain=\" yVJ1YquCcFBzaf \"\r\n          xLevel=\"locked\"\r\n          xLang=\"vi\"\r\n          src=\"https:\/\/scripts-integration.terl3.com\/single-page.js\"\r\n><\/script>\t\t\t\t<\/div>\n\t\t\t\t<\/div>\n\t\t\t\t\t<\/div>\n\t\t<\/div>\n\t\t\t\t\t<\/div>\n\t\t<\/section>\n\t\t\t\t<\/div>\n\t\t","protected":false},"excerpt":{"rendered":"<p>Giao d\u1ecbch th\u00f4ng minh h\u01a1n v\u1edbi C\u00e1c Kh\u00f3a H\u1ecdc Giao D\u1ecbch \u0111\u01b0\u1ee3c thi\u1ebft k\u1ebf ri\u00eang H\u1ecdc c\u00e1ch giao d\u1ecbch v\u1edbi s\u1ef1 t\u1ef1 tin th\u00f4ng qua c\u00e1c kh\u00f3a h\u1ecdc \u0111\u01b0\u1ee3c ch\u1ecdn l\u1ecdc c\u1ea9n th\u1eadn. M\u1ed7i module \u0111\u01b0\u1ee3c thi\u1ebft k\u1ebf \u0111\u1ec3 n\u00e2ng cao k\u1ef9 n\u0103ng c\u1ee7a b\u1ea1n v\u00e0 chu\u1ea9n b\u1ecb cho b\u1ea1n \u0111\u1ed1i m\u1eb7t v\u1edbi nh\u1eefng th\u00e1ch [&hellip;]<\/p>\n","protected":false},"author":9,"featured_media":105340,"parent":113273,"menu_order":0,"comment_status":"closed","ping_status":"closed","template":"elementor_header_footer","meta":{"footnotes":""},"class_list":["post-110711","page","type-page","status-publish","has-post-thumbnail","hentry"],"yoast_head":"<!-- This site is optimized with the Yoast SEO plugin v27.3 - https:\/\/yoast.com\/product\/yoast-seo-wordpress\/ -->\n<title>Kh\u00f3a H\u1ecdc Giao D\u1ecbch | Windsor Brokers<\/title>\n<meta name=\"description\" content=\"L\u00e0m ch\u1ee7 giao d\u1ecbch v\u1edbi c\u00e1c kh\u00f3a h\u1ecdc \u0111\u01b0\u1ee3c thi\u1ebft k\u1ebf ri\u00eang b\u1edfi Windsor Brokers. Ph\u00e1t tri\u1ec3n k\u1ef9 n\u0103ng, t\u0103ng c\u01b0\u1eddng s\u1ef1 t\u1ef1 tin v\u00e0 \u0111\u1ed1i ph\u00f3 v\u1edbi th\u1ecb tr\u01b0\u1eddng to\u00e0n c\u1ea7u d\u01b0\u1edbi s\u1ef1 h\u01b0\u1edbng d\u1eabn c\u1ee7a c\u00e1c chuy\u00ean gia.\" \/>\n<meta name=\"robots\" content=\"index, follow, max-snippet:-1, max-image-preview:large, max-video-preview:-1\" \/>\n<meta property=\"og:locale\" content=\"vi_VN\" \/>\n<meta property=\"og:type\" content=\"article\" \/>\n<meta property=\"og:title\" content=\"Kh\u00f3a H\u1ecdc Giao D\u1ecbch | Windsor Brokers\" \/>\n<meta property=\"og:description\" content=\"L\u00e0m ch\u1ee7 giao d\u1ecbch v\u1edbi c\u00e1c kh\u00f3a h\u1ecdc \u0111\u01b0\u1ee3c thi\u1ebft k\u1ebf ri\u00eang b\u1edfi Windsor Brokers. Ph\u00e1t tri\u1ec3n k\u1ef9 n\u0103ng, t\u0103ng c\u01b0\u1eddng s\u1ef1 t\u1ef1 tin v\u00e0 \u0111\u1ed1i ph\u00f3 v\u1edbi th\u1ecb tr\u01b0\u1eddng to\u00e0n c\u1ea7u d\u01b0\u1edbi s\u1ef1 h\u01b0\u1edbng d\u1eabn c\u1ee7a c\u00e1c chuy\u00ean gia.\" \/>\n<meta property=\"og:url\" content=\"https:\/\/windsorbrokers.com\/vi\/trading-courses\/\" \/>\n<meta property=\"og:site_name\" content=\"CFDs on FX, Stocks &amp; More\" \/>\n<meta property=\"article:modified_time\" content=\"2025-08-05T13:19:01+00:00\" \/>\n<meta property=\"og:image\" content=\"https:\/\/windsorbrokers.com\/wp-content\/uploads\/2025\/07\/Feature-Image-1.png\" \/>\n\t<meta property=\"og:image:width\" content=\"1200\" \/>\n\t<meta property=\"og:image:height\" content=\"630\" \/>\n\t<meta property=\"og:image:type\" content=\"image\/png\" \/>\n<meta name=\"twitter:card\" content=\"summary_large_image\" \/>\n<meta name=\"twitter:label1\" content=\"Est. reading time\" \/>\n\t<meta name=\"twitter:data1\" content=\"1 minute\" \/>\n<script type=\"application\/ld+json\" class=\"yoast-schema-graph\">{\"@context\":\"https:\\\/\\\/schema.org\",\"@graph\":[{\"@type\":\"WebPage\",\"@id\":\"https:\\\/\\\/windsorbrokers.com\\\/vi\\\/trading-courses\\\/\",\"url\":\"https:\\\/\\\/windsorbrokers.com\\\/vi\\\/trading-courses\\\/\",\"name\":\"Kh\u00f3a H\u1ecdc Giao D\u1ecbch | Windsor Brokers\",\"isPartOf\":{\"@id\":\"https:\\\/\\\/windsorbrokers.com\\\/#website\"},\"primaryImageOfPage\":{\"@id\":\"https:\\\/\\\/windsorbrokers.com\\\/vi\\\/trading-courses\\\/#primaryimage\"},\"image\":{\"@id\":\"https:\\\/\\\/windsorbrokers.com\\\/vi\\\/trading-courses\\\/#primaryimage\"},\"thumbnailUrl\":\"https:\\\/\\\/windsorbrokers.com\\\/wp-content\\\/uploads\\\/2025\\\/07\\\/Feature-Image-1.png\",\"datePublished\":\"2025-05-27T14:23:39+00:00\",\"dateModified\":\"2025-08-05T13:19:01+00:00\",\"description\":\"L\u00e0m ch\u1ee7 giao d\u1ecbch v\u1edbi c\u00e1c kh\u00f3a h\u1ecdc \u0111\u01b0\u1ee3c thi\u1ebft k\u1ebf ri\u00eang b\u1edfi Windsor Brokers. Ph\u00e1t tri\u1ec3n k\u1ef9 n\u0103ng, t\u0103ng c\u01b0\u1eddng s\u1ef1 t\u1ef1 tin v\u00e0 \u0111\u1ed1i ph\u00f3 v\u1edbi th\u1ecb tr\u01b0\u1eddng to\u00e0n c\u1ea7u d\u01b0\u1edbi s\u1ef1 h\u01b0\u1edbng d\u1eabn c\u1ee7a c\u00e1c chuy\u00ean gia.\",\"breadcrumb\":{\"@id\":\"https:\\\/\\\/windsorbrokers.com\\\/vi\\\/trading-courses\\\/#breadcrumb\"},\"inLanguage\":\"vi-VN\",\"potentialAction\":[{\"@type\":\"ReadAction\",\"target\":[\"https:\\\/\\\/windsorbrokers.com\\\/vi\\\/trading-courses\\\/\"]}]},{\"@type\":\"ImageObject\",\"inLanguage\":\"vi-VN\",\"@id\":\"https:\\\/\\\/windsorbrokers.com\\\/vi\\\/trading-courses\\\/#primaryimage\",\"url\":\"https:\\\/\\\/windsorbrokers.com\\\/wp-content\\\/uploads\\\/2025\\\/07\\\/Feature-Image-1.png\",\"contentUrl\":\"https:\\\/\\\/windsorbrokers.com\\\/wp-content\\\/uploads\\\/2025\\\/07\\\/Feature-Image-1.png\",\"width\":1200,\"height\":630},{\"@type\":\"BreadcrumbList\",\"@id\":\"https:\\\/\\\/windsorbrokers.com\\\/vi\\\/trading-courses\\\/#breadcrumb\",\"itemListElement\":[{\"@type\":\"ListItem\",\"position\":1,\"name\":\"Home\",\"item\":\"https:\\\/\\\/windsorbrokers.com\\\/vi\\\/\"},{\"@type\":\"ListItem\",\"position\":2,\"name\":\"Trading Courses\"}]},{\"@type\":\"WebSite\",\"@id\":\"https:\\\/\\\/windsorbrokers.com\\\/#website\",\"url\":\"https:\\\/\\\/windsorbrokers.com\\\/\",\"name\":\"CFDs on FX, Stocks & More\",\"description\":\"\",\"publisher\":{\"@id\":\"https:\\\/\\\/windsorbrokers.com\\\/#organization\"},\"potentialAction\":[{\"@type\":\"SearchAction\",\"target\":{\"@type\":\"EntryPoint\",\"urlTemplate\":\"https:\\\/\\\/windsorbrokers.com\\\/?s={search_term_string}\"},\"query-input\":{\"@type\":\"PropertyValueSpecification\",\"valueRequired\":true,\"valueName\":\"search_term_string\"}}],\"inLanguage\":\"vi-VN\"},{\"@type\":\"Organization\",\"@id\":\"https:\\\/\\\/windsorbrokers.com\\\/#organization\",\"name\":\"CFDs on FX, Stocks & More\",\"url\":\"https:\\\/\\\/windsorbrokers.com\\\/\",\"logo\":{\"@type\":\"ImageObject\",\"inLanguage\":\"vi-VN\",\"@id\":\"https:\\\/\\\/windsorbrokers.com\\\/#\\\/schema\\\/logo\\\/image\\\/\",\"url\":\"https:\\\/\\\/windsorbrokers.com\\\/wp-content\\\/uploads\\\/2022\\\/07\\\/WB-icon.png\",\"contentUrl\":\"https:\\\/\\\/windsorbrokers.com\\\/wp-content\\\/uploads\\\/2022\\\/07\\\/WB-icon.png\",\"width\":172,\"height\":116,\"caption\":\"CFDs on FX, Stocks & More\"},\"image\":{\"@id\":\"https:\\\/\\\/windsorbrokers.com\\\/#\\\/schema\\\/logo\\\/image\\\/\"}}]}<\/script>\n<!-- \/ Yoast SEO plugin. -->","yoast_head_json":{"title":"Kh\u00f3a H\u1ecdc Giao D\u1ecbch | Windsor Brokers","description":"L\u00e0m ch\u1ee7 giao d\u1ecbch v\u1edbi c\u00e1c kh\u00f3a h\u1ecdc \u0111\u01b0\u1ee3c thi\u1ebft k\u1ebf ri\u00eang b\u1edfi Windsor Brokers. Ph\u00e1t tri\u1ec3n k\u1ef9 n\u0103ng, t\u0103ng c\u01b0\u1eddng s\u1ef1 t\u1ef1 tin v\u00e0 \u0111\u1ed1i ph\u00f3 v\u1edbi th\u1ecb tr\u01b0\u1eddng to\u00e0n c\u1ea7u d\u01b0\u1edbi s\u1ef1 h\u01b0\u1edbng d\u1eabn c\u1ee7a c\u00e1c chuy\u00ean gia.","robots":{"index":"index","follow":"follow","max-snippet":"max-snippet:-1","max-image-preview":"max-image-preview:large","max-video-preview":"max-video-preview:-1"},"og_locale":"vi_VN","og_type":"article","og_title":"Kh\u00f3a H\u1ecdc Giao D\u1ecbch | Windsor Brokers","og_description":"L\u00e0m ch\u1ee7 giao d\u1ecbch v\u1edbi c\u00e1c kh\u00f3a h\u1ecdc \u0111\u01b0\u1ee3c thi\u1ebft k\u1ebf ri\u00eang b\u1edfi Windsor Brokers. Ph\u00e1t tri\u1ec3n k\u1ef9 n\u0103ng, t\u0103ng c\u01b0\u1eddng s\u1ef1 t\u1ef1 tin v\u00e0 \u0111\u1ed1i ph\u00f3 v\u1edbi th\u1ecb tr\u01b0\u1eddng to\u00e0n c\u1ea7u d\u01b0\u1edbi s\u1ef1 h\u01b0\u1edbng d\u1eabn c\u1ee7a c\u00e1c chuy\u00ean gia.","og_url":"https:\/\/windsorbrokers.com\/vi\/trading-courses\/","og_site_name":"CFDs on FX, Stocks &amp; More","article_modified_time":"2025-08-05T13:19:01+00:00","og_image":[{"width":1200,"height":630,"url":"https:\/\/windsorbrokers.com\/wp-content\/uploads\/2025\/07\/Feature-Image-1.png","type":"image\/png"}],"twitter_card":"summary_large_image","twitter_misc":{"Est. reading time":"1 minute"},"schema":{"@context":"https:\/\/schema.org","@graph":[{"@type":"WebPage","@id":"https:\/\/windsorbrokers.com\/vi\/trading-courses\/","url":"https:\/\/windsorbrokers.com\/vi\/trading-courses\/","name":"Kh\u00f3a H\u1ecdc Giao D\u1ecbch | Windsor Brokers","isPartOf":{"@id":"https:\/\/windsorbrokers.com\/#website"},"primaryImageOfPage":{"@id":"https:\/\/windsorbrokers.com\/vi\/trading-courses\/#primaryimage"},"image":{"@id":"https:\/\/windsorbrokers.com\/vi\/trading-courses\/#primaryimage"},"thumbnailUrl":"https:\/\/windsorbrokers.com\/wp-content\/uploads\/2025\/07\/Feature-Image-1.png","datePublished":"2025-05-27T14:23:39+00:00","dateModified":"2025-08-05T13:19:01+00:00","description":"L\u00e0m ch\u1ee7 giao d\u1ecbch v\u1edbi c\u00e1c kh\u00f3a h\u1ecdc \u0111\u01b0\u1ee3c thi\u1ebft k\u1ebf ri\u00eang b\u1edfi Windsor Brokers. Ph\u00e1t tri\u1ec3n k\u1ef9 n\u0103ng, t\u0103ng c\u01b0\u1eddng s\u1ef1 t\u1ef1 tin v\u00e0 \u0111\u1ed1i ph\u00f3 v\u1edbi th\u1ecb tr\u01b0\u1eddng to\u00e0n c\u1ea7u d\u01b0\u1edbi s\u1ef1 h\u01b0\u1edbng d\u1eabn c\u1ee7a c\u00e1c chuy\u00ean gia.","breadcrumb":{"@id":"https:\/\/windsorbrokers.com\/vi\/trading-courses\/#breadcrumb"},"inLanguage":"vi-VN","potentialAction":[{"@type":"ReadAction","target":["https:\/\/windsorbrokers.com\/vi\/trading-courses\/"]}]},{"@type":"ImageObject","inLanguage":"vi-VN","@id":"https:\/\/windsorbrokers.com\/vi\/trading-courses\/#primaryimage","url":"https:\/\/windsorbrokers.com\/wp-content\/uploads\/2025\/07\/Feature-Image-1.png","contentUrl":"https:\/\/windsorbrokers.com\/wp-content\/uploads\/2025\/07\/Feature-Image-1.png","width":1200,"height":630},{"@type":"BreadcrumbList","@id":"https:\/\/windsorbrokers.com\/vi\/trading-courses\/#breadcrumb","itemListElement":[{"@type":"ListItem","position":1,"name":"Home","item":"https:\/\/windsorbrokers.com\/vi\/"},{"@type":"ListItem","position":2,"name":"Trading Courses"}]},{"@type":"WebSite","@id":"https:\/\/windsorbrokers.com\/#website","url":"https:\/\/windsorbrokers.com\/","name":"CFDs on FX, Stocks & More","description":"","publisher":{"@id":"https:\/\/windsorbrokers.com\/#organization"},"potentialAction":[{"@type":"SearchAction","target":{"@type":"EntryPoint","urlTemplate":"https:\/\/windsorbrokers.com\/?s={search_term_string}"},"query-input":{"@type":"PropertyValueSpecification","valueRequired":true,"valueName":"search_term_string"}}],"inLanguage":"vi-VN"},{"@type":"Organization","@id":"https:\/\/windsorbrokers.com\/#organization","name":"CFDs on FX, Stocks & More","url":"https:\/\/windsorbrokers.com\/","logo":{"@type":"ImageObject","inLanguage":"vi-VN","@id":"https:\/\/windsorbrokers.com\/#\/schema\/logo\/image\/","url":"https:\/\/windsorbrokers.com\/wp-content\/uploads\/2022\/07\/WB-icon.png","contentUrl":"https:\/\/windsorbrokers.com\/wp-content\/uploads\/2022\/07\/WB-icon.png","width":172,"height":116,"caption":"CFDs on FX, Stocks & More"},"image":{"@id":"https:\/\/windsorbrokers.com\/#\/schema\/logo\/image\/"}}]}},"_links":{"self":[{"href":"https:\/\/windsorbrokers.com\/vi\/wp-json\/wp\/v2\/pages\/110711","targetHints":{"allow":["GET"]}}],"collection":[{"href":"https:\/\/windsorbrokers.com\/vi\/wp-json\/wp\/v2\/pages"}],"about":[{"href":"https:\/\/windsorbrokers.com\/vi\/wp-json\/wp\/v2\/types\/page"}],"author":[{"embeddable":true,"href":"https:\/\/windsorbrokers.com\/vi\/wp-json\/wp\/v2\/users\/9"}],"replies":[{"embeddable":true,"href":"https:\/\/windsorbrokers.com\/vi\/wp-json\/wp\/v2\/comments?post=110711"}],"version-history":[{"count":0,"href":"https:\/\/windsorbrokers.com\/vi\/wp-json\/wp\/v2\/pages\/110711\/revisions"}],"up":[{"embeddable":true,"href":"https:\/\/windsorbrokers.com\/vi\/wp-json\/wp\/v2\/pages\/113273"}],"wp:featuredmedia":[{"embeddable":true,"href":"https:\/\/windsorbrokers.com\/vi\/wp-json\/wp\/v2\/media\/105340"}],"wp:attachment":[{"href":"https:\/\/windsorbrokers.com\/vi\/wp-json\/wp\/v2\/media?parent=110711"}],"curies":[{"name":"wp","href":"https:\/\/api.w.org\/{rel}","templated":true}]}}