{"id":110662,"date":"2025-05-27T13:28:54","date_gmt":"2025-05-27T13:28:54","guid":{"rendered":"https:\/\/windsorbrokers.com\/?page_id=110662"},"modified":"2025-08-05T12:25:14","modified_gmt":"2025-08-05T12:25:14","slug":"fx-ebooks","status":"publish","type":"page","link":"https:\/\/windsorbrokers.com\/vi\/tools\/education\/fx-ebooks\/","title":{"rendered":"FX eBooks"},"content":{"rendered":"\t\t<div data-elementor-type=\"wp-page\" data-elementor-id=\"110662\" class=\"elementor elementor-110662 elementor-70091\" data-elementor-settings=\"{&quot;element_pack_global_tooltip_width&quot;:{&quot;unit&quot;:&quot;px&quot;,&quot;size&quot;:&quot;&quot;,&quot;sizes&quot;:[]},&quot;element_pack_global_tooltip_width_widescreen&quot;:{&quot;unit&quot;:&quot;px&quot;,&quot;size&quot;:&quot;&quot;,&quot;sizes&quot;:[]},&quot;element_pack_global_tooltip_width_laptop&quot;:{&quot;unit&quot;:&quot;px&quot;,&quot;size&quot;:&quot;&quot;,&quot;sizes&quot;:[]},&quot;element_pack_global_tooltip_width_tablet&quot;:{&quot;unit&quot;:&quot;px&quot;,&quot;size&quot;:&quot;&quot;,&quot;sizes&quot;:[]},&quot;element_pack_global_tooltip_width_mobile&quot;:{&quot;unit&quot;:&quot;px&quot;,&quot;size&quot;:&quot;&quot;,&quot;sizes&quot;:[]},&quot;element_pack_global_tooltip_padding&quot;:{&quot;unit&quot;:&quot;px&quot;,&quot;top&quot;:&quot;&quot;,&quot;right&quot;:&quot;&quot;,&quot;bottom&quot;:&quot;&quot;,&quot;left&quot;:&quot;&quot;,&quot;isLinked&quot;:true},&quot;element_pack_global_tooltip_padding_widescreen&quot;:{&quot;unit&quot;:&quot;px&quot;,&quot;top&quot;:&quot;&quot;,&quot;right&quot;:&quot;&quot;,&quot;bottom&quot;:&quot;&quot;,&quot;left&quot;:&quot;&quot;,&quot;isLinked&quot;:true},&quot;element_pack_global_tooltip_padding_laptop&quot;:{&quot;unit&quot;:&quot;px&quot;,&quot;top&quot;:&quot;&quot;,&quot;right&quot;:&quot;&quot;,&quot;bottom&quot;:&quot;&quot;,&quot;left&quot;:&quot;&quot;,&quot;isLinked&quot;:true},&quot;element_pack_global_tooltip_padding_tablet&quot;:{&quot;unit&quot;:&quot;px&quot;,&quot;top&quot;:&quot;&quot;,&quot;right&quot;:&quot;&quot;,&quot;bottom&quot;:&quot;&quot;,&quot;left&quot;:&quot;&quot;,&quot;isLinked&quot;:true},&quot;element_pack_global_tooltip_padding_mobile&quot;:{&quot;unit&quot;:&quot;px&quot;,&quot;top&quot;:&quot;&quot;,&quot;right&quot;:&quot;&quot;,&quot;bottom&quot;:&quot;&quot;,&quot;left&quot;:&quot;&quot;,&quot;isLinked&quot;:true},&quot;element_pack_global_tooltip_border_radius&quot;:{&quot;unit&quot;:&quot;px&quot;,&quot;top&quot;:&quot;&quot;,&quot;right&quot;:&quot;&quot;,&quot;bottom&quot;:&quot;&quot;,&quot;left&quot;:&quot;&quot;,&quot;isLinked&quot;:true},&quot;element_pack_global_tooltip_border_radius_widescreen&quot;:{&quot;unit&quot;:&quot;px&quot;,&quot;top&quot;:&quot;&quot;,&quot;right&quot;:&quot;&quot;,&quot;bottom&quot;:&quot;&quot;,&quot;left&quot;:&quot;&quot;,&quot;isLinked&quot;:true},&quot;element_pack_global_tooltip_border_radius_laptop&quot;:{&quot;unit&quot;:&quot;px&quot;,&quot;top&quot;:&quot;&quot;,&quot;right&quot;:&quot;&quot;,&quot;bottom&quot;:&quot;&quot;,&quot;left&quot;:&quot;&quot;,&quot;isLinked&quot;:true},&quot;element_pack_global_tooltip_border_radius_tablet&quot;:{&quot;unit&quot;:&quot;px&quot;,&quot;top&quot;:&quot;&quot;,&quot;right&quot;:&quot;&quot;,&quot;bottom&quot;:&quot;&quot;,&quot;left&quot;:&quot;&quot;,&quot;isLinked&quot;:true},&quot;element_pack_global_tooltip_border_radius_mobile&quot;:{&quot;unit&quot;:&quot;px&quot;,&quot;top&quot;:&quot;&quot;,&quot;right&quot;:&quot;&quot;,&quot;bottom&quot;:&quot;&quot;,&quot;left&quot;:&quot;&quot;,&quot;isLinked&quot;:true}}\" data-elementor-post-type=\"page\">\n\t\t\t\t\t\t<section class=\"elementor-section elementor-top-section elementor-element elementor-element-eca2f11 elementor-section-boxed elementor-section-height-default elementor-section-height-default\" data-id=\"eca2f11\" data-element_type=\"section\" data-e-type=\"section\">\n\t\t\t\t\t\t<div class=\"elementor-container elementor-column-gap-default\">\n\t\t\t\t\t<div class=\"elementor-column elementor-col-100 elementor-top-column elementor-element elementor-element-57fe726\" data-id=\"57fe726\" data-element_type=\"column\" data-e-type=\"column\">\n\t\t\t<div class=\"elementor-widget-wrap elementor-element-populated\">\n\t\t\t\t\t\t<div class=\"elementor-element elementor-element-8dd11d1 elementor-widget elementor-widget-heading\" data-id=\"8dd11d1\" data-element_type=\"widget\" data-e-type=\"widget\" data-widget_type=\"heading.default\">\n\t\t\t\t<div class=\"elementor-widget-container\">\n\t\t\t\t\t<h2 class=\"elementor-heading-title elementor-size-default\">eBooks Giao D\u1ecbch cho M\u1ecdi C\u1ea5p \u0110\u1ed9 K\u1ef9 N\u0103ng<\/h2>\t\t\t\t<\/div>\n\t\t\t\t<\/div>\n\t\t\t\t<div class=\"elementor-element elementor-element-29e239e elementor-widget elementor-widget-text-editor\" data-id=\"29e239e\" data-element_type=\"widget\" data-e-type=\"widget\" data-widget_type=\"text-editor.default\">\n\t\t\t\t<div class=\"elementor-widget-container\">\n\t\t\t\t\t\t\t\t\t<p>M\u1edf r\u1ed9ng ki\u1ebfn th\u1ee9c giao d\u1ecbch c\u1ee7a b\u1ea1n v\u1edbi eBooks t\u1eeb Windsor Brokers \u0111\u01b0\u1ee3c thi\u1ebft k\u1ebf ri\u00eang cho m\u1ee5c ti\u00eau c\u1ee7a b\u1ea1n. H\u1ecdc c\u00e1ch ph\u00e2n t\u00edch th\u1ecb tr\u01b0\u1eddng, qu\u1ea3n l\u00fd r\u1ee7i ro v\u00e0 ph\u00e1t tri\u1ec3n chi\u1ebfn l\u01b0\u1ee3c chi\u1ebfn th\u1eafng &#8211; t\u1ea5t c\u1ea3 theo t\u1ed1c \u0111\u1ed9 c\u1ee7a b\u1ea1n.<\/p>\t\t\t\t\t\t\t\t<\/div>\n\t\t\t\t<\/div>\n\t\t\t\t\t<\/div>\n\t\t<\/div>\n\t\t\t\t\t<\/div>\n\t\t<\/section>\n\t\t\t\t<section class=\"elementor-section elementor-top-section elementor-element elementor-element-899e848 elementor-section-boxed elementor-section-height-default elementor-section-height-default\" data-id=\"899e848\" data-element_type=\"section\" data-e-type=\"section\">\n\t\t\t\t\t\t<div class=\"elementor-container elementor-column-gap-default\">\n\t\t\t\t\t<div class=\"elementor-column elementor-col-100 elementor-top-column elementor-element elementor-element-cf50f75\" data-id=\"cf50f75\" data-element_type=\"column\" data-e-type=\"column\">\n\t\t\t<div class=\"elementor-widget-wrap elementor-element-populated\">\n\t\t\t\t\t\t<div class=\"elementor-element elementor-element-f0afb3b elementor-widget elementor-widget-html\" data-id=\"f0afb3b\" data-element_type=\"widget\" data-e-type=\"widget\" data-widget_type=\"html.default\">\n\t\t\t\t<div class=\"elementor-widget-container\">\n\t\t\t\t\t<script\r\n          page=\"ebook\"\r\n          bearer=\"$2y$10$j9WtVqa2SeGlNDF9TSmoRep7YlMG8zyq5vbluF7GUWE9UtAn248va\"\r\n          xDomain=\" yVJ1YquCcFBzaf \"\r\n          xLevel=\"locked\"\r\n          xLang=\"vi\"\r\n          src=\"https:\/\/scripts-integration.terl3.com\/single-page.js\"\r\n><\/script>\t\t\t\t<\/div>\n\t\t\t\t<\/div>\n\t\t\t\t\t<\/div>\n\t\t<\/div>\n\t\t\t\t\t<\/div>\n\t\t<\/section>\n\t\t\t\t<\/div>\n\t\t","protected":false},"excerpt":{"rendered":"<p>eBooks Giao D\u1ecbch cho M\u1ecdi C\u1ea5p \u0110\u1ed9 K\u1ef9 N\u0103ng M\u1edf r\u1ed9ng ki\u1ebfn th\u1ee9c giao d\u1ecbch c\u1ee7a b\u1ea1n v\u1edbi eBooks t\u1eeb Windsor Brokers \u0111\u01b0\u1ee3c thi\u1ebft k\u1ebf ri\u00eang cho m\u1ee5c ti\u00eau c\u1ee7a b\u1ea1n. H\u1ecdc c\u00e1ch ph\u00e2n t\u00edch th\u1ecb tr\u01b0\u1eddng, qu\u1ea3n l\u00fd r\u1ee7i ro v\u00e0 ph\u00e1t tri\u1ec3n chi\u1ebfn l\u01b0\u1ee3c chi\u1ebfn th\u1eafng &#8211; t\u1ea5t c\u1ea3 theo t\u1ed1c \u0111\u1ed9 c\u1ee7a [&hellip;]<\/p>\n","protected":false},"author":9,"featured_media":105340,"parent":113273,"menu_order":0,"comment_status":"closed","ping_status":"closed","template":"elementor_header_footer","meta":{"footnotes":""},"class_list":["post-110662","page","type-page","status-publish","has-post-thumbnail","hentry"],"yoast_head":"<!-- This site is optimized with the Yoast SEO plugin v27.3 - https:\/\/yoast.com\/product\/yoast-seo-wordpress\/ -->\n<title>FX eBooks | Windsor Brokers<\/title>\n<meta name=\"description\" content=\"N\u00e2ng cao k\u1ef9 n\u0103ng giao d\u1ecbch c\u1ee7a b\u1ea1n v\u1edbi eBooks t\u1eeb Windsor Brokers. H\u1ecdc ph\u00e2n t\u00edch th\u1ecb tr\u01b0\u1eddng, qu\u1ea3n l\u00fd r\u1ee7i ro v\u00e0 chi\u1ebfn l\u01b0\u1ee3c theo t\u1ed1c \u0111\u1ed9 c\u1ee7a ri\u00eang b\u1ea1n.\" \/>\n<meta name=\"robots\" content=\"index, follow, max-snippet:-1, max-image-preview:large, max-video-preview:-1\" \/>\n<meta property=\"og:locale\" content=\"vi_VN\" \/>\n<meta property=\"og:type\" content=\"article\" \/>\n<meta property=\"og:title\" content=\"FX eBooks | Windsor Brokers\" \/>\n<meta property=\"og:description\" content=\"N\u00e2ng cao k\u1ef9 n\u0103ng giao d\u1ecbch c\u1ee7a b\u1ea1n v\u1edbi eBooks t\u1eeb Windsor Brokers. H\u1ecdc ph\u00e2n t\u00edch th\u1ecb tr\u01b0\u1eddng, qu\u1ea3n l\u00fd r\u1ee7i ro v\u00e0 chi\u1ebfn l\u01b0\u1ee3c theo t\u1ed1c \u0111\u1ed9 c\u1ee7a ri\u00eang b\u1ea1n.\" \/>\n<meta property=\"og:url\" content=\"https:\/\/windsorbrokers.com\/vi\/fx-ebooks\/\" \/>\n<meta property=\"og:site_name\" content=\"CFDs on FX, Stocks &amp; More\" \/>\n<meta property=\"article:modified_time\" content=\"2025-08-05T12:25:14+00:00\" \/>\n<meta property=\"og:image\" content=\"https:\/\/windsorbrokers.com\/wp-content\/uploads\/2025\/07\/Feature-Image-1.png\" \/>\n\t<meta property=\"og:image:width\" content=\"1200\" \/>\n\t<meta property=\"og:image:height\" content=\"630\" \/>\n\t<meta property=\"og:image:type\" content=\"image\/png\" \/>\n<meta name=\"twitter:card\" content=\"summary_large_image\" \/>\n<meta name=\"twitter:label1\" content=\"Est. reading time\" \/>\n\t<meta name=\"twitter:data1\" content=\"1 minute\" \/>\n<script type=\"application\/ld+json\" class=\"yoast-schema-graph\">{\"@context\":\"https:\\\/\\\/schema.org\",\"@graph\":[{\"@type\":\"WebPage\",\"@id\":\"https:\\\/\\\/windsorbrokers.com\\\/vi\\\/fx-ebooks\\\/\",\"url\":\"https:\\\/\\\/windsorbrokers.com\\\/vi\\\/fx-ebooks\\\/\",\"name\":\"FX eBooks | Windsor Brokers\",\"isPartOf\":{\"@id\":\"https:\\\/\\\/windsorbrokers.com\\\/#website\"},\"primaryImageOfPage\":{\"@id\":\"https:\\\/\\\/windsorbrokers.com\\\/vi\\\/fx-ebooks\\\/#primaryimage\"},\"image\":{\"@id\":\"https:\\\/\\\/windsorbrokers.com\\\/vi\\\/fx-ebooks\\\/#primaryimage\"},\"thumbnailUrl\":\"https:\\\/\\\/windsorbrokers.com\\\/wp-content\\\/uploads\\\/2025\\\/07\\\/Feature-Image-1.png\",\"datePublished\":\"2025-05-27T13:28:54+00:00\",\"dateModified\":\"2025-08-05T12:25:14+00:00\",\"description\":\"N\u00e2ng cao k\u1ef9 n\u0103ng giao d\u1ecbch c\u1ee7a b\u1ea1n v\u1edbi eBooks t\u1eeb Windsor Brokers. H\u1ecdc ph\u00e2n t\u00edch th\u1ecb tr\u01b0\u1eddng, qu\u1ea3n l\u00fd r\u1ee7i ro v\u00e0 chi\u1ebfn l\u01b0\u1ee3c theo t\u1ed1c \u0111\u1ed9 c\u1ee7a ri\u00eang b\u1ea1n.\",\"breadcrumb\":{\"@id\":\"https:\\\/\\\/windsorbrokers.com\\\/vi\\\/fx-ebooks\\\/#breadcrumb\"},\"inLanguage\":\"vi-VN\",\"potentialAction\":[{\"@type\":\"ReadAction\",\"target\":[\"https:\\\/\\\/windsorbrokers.com\\\/vi\\\/fx-ebooks\\\/\"]}]},{\"@type\":\"ImageObject\",\"inLanguage\":\"vi-VN\",\"@id\":\"https:\\\/\\\/windsorbrokers.com\\\/vi\\\/fx-ebooks\\\/#primaryimage\",\"url\":\"https:\\\/\\\/windsorbrokers.com\\\/wp-content\\\/uploads\\\/2025\\\/07\\\/Feature-Image-1.png\",\"contentUrl\":\"https:\\\/\\\/windsorbrokers.com\\\/wp-content\\\/uploads\\\/2025\\\/07\\\/Feature-Image-1.png\",\"width\":1200,\"height\":630},{\"@type\":\"BreadcrumbList\",\"@id\":\"https:\\\/\\\/windsorbrokers.com\\\/vi\\\/fx-ebooks\\\/#breadcrumb\",\"itemListElement\":[{\"@type\":\"ListItem\",\"position\":1,\"name\":\"Home\",\"item\":\"https:\\\/\\\/windsorbrokers.com\\\/vi\\\/\"},{\"@type\":\"ListItem\",\"position\":2,\"name\":\"FX eBooks\"}]},{\"@type\":\"WebSite\",\"@id\":\"https:\\\/\\\/windsorbrokers.com\\\/#website\",\"url\":\"https:\\\/\\\/windsorbrokers.com\\\/\",\"name\":\"CFDs on FX, Stocks & More\",\"description\":\"\",\"publisher\":{\"@id\":\"https:\\\/\\\/windsorbrokers.com\\\/#organization\"},\"potentialAction\":[{\"@type\":\"SearchAction\",\"target\":{\"@type\":\"EntryPoint\",\"urlTemplate\":\"https:\\\/\\\/windsorbrokers.com\\\/?s={search_term_string}\"},\"query-input\":{\"@type\":\"PropertyValueSpecification\",\"valueRequired\":true,\"valueName\":\"search_term_string\"}}],\"inLanguage\":\"vi-VN\"},{\"@type\":\"Organization\",\"@id\":\"https:\\\/\\\/windsorbrokers.com\\\/#organization\",\"name\":\"CFDs on FX, Stocks & More\",\"url\":\"https:\\\/\\\/windsorbrokers.com\\\/\",\"logo\":{\"@type\":\"ImageObject\",\"inLanguage\":\"vi-VN\",\"@id\":\"https:\\\/\\\/windsorbrokers.com\\\/#\\\/schema\\\/logo\\\/image\\\/\",\"url\":\"https:\\\/\\\/windsorbrokers.com\\\/wp-content\\\/uploads\\\/2022\\\/07\\\/WB-icon.png\",\"contentUrl\":\"https:\\\/\\\/windsorbrokers.com\\\/wp-content\\\/uploads\\\/2022\\\/07\\\/WB-icon.png\",\"width\":172,\"height\":116,\"caption\":\"CFDs on FX, Stocks & More\"},\"image\":{\"@id\":\"https:\\\/\\\/windsorbrokers.com\\\/#\\\/schema\\\/logo\\\/image\\\/\"}}]}<\/script>\n<!-- \/ Yoast SEO plugin. -->","yoast_head_json":{"title":"FX eBooks | Windsor Brokers","description":"N\u00e2ng cao k\u1ef9 n\u0103ng giao d\u1ecbch c\u1ee7a b\u1ea1n v\u1edbi eBooks t\u1eeb Windsor Brokers. H\u1ecdc ph\u00e2n t\u00edch th\u1ecb tr\u01b0\u1eddng, qu\u1ea3n l\u00fd r\u1ee7i ro v\u00e0 chi\u1ebfn l\u01b0\u1ee3c theo t\u1ed1c \u0111\u1ed9 c\u1ee7a ri\u00eang b\u1ea1n.","robots":{"index":"index","follow":"follow","max-snippet":"max-snippet:-1","max-image-preview":"max-image-preview:large","max-video-preview":"max-video-preview:-1"},"og_locale":"vi_VN","og_type":"article","og_title":"FX eBooks | Windsor Brokers","og_description":"N\u00e2ng cao k\u1ef9 n\u0103ng giao d\u1ecbch c\u1ee7a b\u1ea1n v\u1edbi eBooks t\u1eeb Windsor Brokers. H\u1ecdc ph\u00e2n t\u00edch th\u1ecb tr\u01b0\u1eddng, qu\u1ea3n l\u00fd r\u1ee7i ro v\u00e0 chi\u1ebfn l\u01b0\u1ee3c theo t\u1ed1c \u0111\u1ed9 c\u1ee7a ri\u00eang b\u1ea1n.","og_url":"https:\/\/windsorbrokers.com\/vi\/fx-ebooks\/","og_site_name":"CFDs on FX, Stocks &amp; More","article_modified_time":"2025-08-05T12:25:14+00:00","og_image":[{"width":1200,"height":630,"url":"https:\/\/windsorbrokers.com\/wp-content\/uploads\/2025\/07\/Feature-Image-1.png","type":"image\/png"}],"twitter_card":"summary_large_image","twitter_misc":{"Est. reading time":"1 minute"},"schema":{"@context":"https:\/\/schema.org","@graph":[{"@type":"WebPage","@id":"https:\/\/windsorbrokers.com\/vi\/fx-ebooks\/","url":"https:\/\/windsorbrokers.com\/vi\/fx-ebooks\/","name":"FX eBooks | Windsor Brokers","isPartOf":{"@id":"https:\/\/windsorbrokers.com\/#website"},"primaryImageOfPage":{"@id":"https:\/\/windsorbrokers.com\/vi\/fx-ebooks\/#primaryimage"},"image":{"@id":"https:\/\/windsorbrokers.com\/vi\/fx-ebooks\/#primaryimage"},"thumbnailUrl":"https:\/\/windsorbrokers.com\/wp-content\/uploads\/2025\/07\/Feature-Image-1.png","datePublished":"2025-05-27T13:28:54+00:00","dateModified":"2025-08-05T12:25:14+00:00","description":"N\u00e2ng cao k\u1ef9 n\u0103ng giao d\u1ecbch c\u1ee7a b\u1ea1n v\u1edbi eBooks t\u1eeb Windsor Brokers. H\u1ecdc ph\u00e2n t\u00edch th\u1ecb tr\u01b0\u1eddng, qu\u1ea3n l\u00fd r\u1ee7i ro v\u00e0 chi\u1ebfn l\u01b0\u1ee3c theo t\u1ed1c \u0111\u1ed9 c\u1ee7a ri\u00eang b\u1ea1n.","breadcrumb":{"@id":"https:\/\/windsorbrokers.com\/vi\/fx-ebooks\/#breadcrumb"},"inLanguage":"vi-VN","potentialAction":[{"@type":"ReadAction","target":["https:\/\/windsorbrokers.com\/vi\/fx-ebooks\/"]}]},{"@type":"ImageObject","inLanguage":"vi-VN","@id":"https:\/\/windsorbrokers.com\/vi\/fx-ebooks\/#primaryimage","url":"https:\/\/windsorbrokers.com\/wp-content\/uploads\/2025\/07\/Feature-Image-1.png","contentUrl":"https:\/\/windsorbrokers.com\/wp-content\/uploads\/2025\/07\/Feature-Image-1.png","width":1200,"height":630},{"@type":"BreadcrumbList","@id":"https:\/\/windsorbrokers.com\/vi\/fx-ebooks\/#breadcrumb","itemListElement":[{"@type":"ListItem","position":1,"name":"Home","item":"https:\/\/windsorbrokers.com\/vi\/"},{"@type":"ListItem","position":2,"name":"FX eBooks"}]},{"@type":"WebSite","@id":"https:\/\/windsorbrokers.com\/#website","url":"https:\/\/windsorbrokers.com\/","name":"CFDs on FX, Stocks & More","description":"","publisher":{"@id":"https:\/\/windsorbrokers.com\/#organization"},"potentialAction":[{"@type":"SearchAction","target":{"@type":"EntryPoint","urlTemplate":"https:\/\/windsorbrokers.com\/?s={search_term_string}"},"query-input":{"@type":"PropertyValueSpecification","valueRequired":true,"valueName":"search_term_string"}}],"inLanguage":"vi-VN"},{"@type":"Organization","@id":"https:\/\/windsorbrokers.com\/#organization","name":"CFDs on FX, Stocks & More","url":"https:\/\/windsorbrokers.com\/","logo":{"@type":"ImageObject","inLanguage":"vi-VN","@id":"https:\/\/windsorbrokers.com\/#\/schema\/logo\/image\/","url":"https:\/\/windsorbrokers.com\/wp-content\/uploads\/2022\/07\/WB-icon.png","contentUrl":"https:\/\/windsorbrokers.com\/wp-content\/uploads\/2022\/07\/WB-icon.png","width":172,"height":116,"caption":"CFDs on FX, Stocks & More"},"image":{"@id":"https:\/\/windsorbrokers.com\/#\/schema\/logo\/image\/"}}]}},"_links":{"self":[{"href":"https:\/\/windsorbrokers.com\/vi\/wp-json\/wp\/v2\/pages\/110662","targetHints":{"allow":["GET"]}}],"collection":[{"href":"https:\/\/windsorbrokers.com\/vi\/wp-json\/wp\/v2\/pages"}],"about":[{"href":"https:\/\/windsorbrokers.com\/vi\/wp-json\/wp\/v2\/types\/page"}],"author":[{"embeddable":true,"href":"https:\/\/windsorbrokers.com\/vi\/wp-json\/wp\/v2\/users\/9"}],"replies":[{"embeddable":true,"href":"https:\/\/windsorbrokers.com\/vi\/wp-json\/wp\/v2\/comments?post=110662"}],"version-history":[{"count":0,"href":"https:\/\/windsorbrokers.com\/vi\/wp-json\/wp\/v2\/pages\/110662\/revisions"}],"up":[{"embeddable":true,"href":"https:\/\/windsorbrokers.com\/vi\/wp-json\/wp\/v2\/pages\/113273"}],"wp:featuredmedia":[{"embeddable":true,"href":"https:\/\/windsorbrokers.com\/vi\/wp-json\/wp\/v2\/media\/105340"}],"wp:attachment":[{"href":"https:\/\/windsorbrokers.com\/vi\/wp-json\/wp\/v2\/media?parent=110662"}],"curies":[{"name":"wp","href":"https:\/\/api.w.org\/{rel}","templated":true}]}}