{"id":109695,"date":"2025-05-27T13:10:37","date_gmt":"2025-05-27T13:10:37","guid":{"rendered":"https:\/\/windsorbrokers.com\/?page_id=109695"},"modified":"2026-01-13T09:12:52","modified_gmt":"2026-01-13T09:12:52","slug":"market-holidays","status":"publish","type":"page","link":"https:\/\/windsorbrokers.com\/vi\/tools\/market-holidays\/","title":{"rendered":"Market Holidays"},"content":{"rendered":"\t\t<div data-elementor-type=\"wp-page\" data-elementor-id=\"109695\" class=\"elementor elementor-109695 elementor-70049\" data-elementor-settings=\"{&quot;element_pack_global_tooltip_width&quot;:{&quot;unit&quot;:&quot;px&quot;,&quot;size&quot;:&quot;&quot;,&quot;sizes&quot;:[]},&quot;element_pack_global_tooltip_width_widescreen&quot;:{&quot;unit&quot;:&quot;px&quot;,&quot;size&quot;:&quot;&quot;,&quot;sizes&quot;:[]},&quot;element_pack_global_tooltip_width_laptop&quot;:{&quot;unit&quot;:&quot;px&quot;,&quot;size&quot;:&quot;&quot;,&quot;sizes&quot;:[]},&quot;element_pack_global_tooltip_width_tablet&quot;:{&quot;unit&quot;:&quot;px&quot;,&quot;size&quot;:&quot;&quot;,&quot;sizes&quot;:[]},&quot;element_pack_global_tooltip_width_mobile&quot;:{&quot;unit&quot;:&quot;px&quot;,&quot;size&quot;:&quot;&quot;,&quot;sizes&quot;:[]},&quot;element_pack_global_tooltip_padding&quot;:{&quot;unit&quot;:&quot;px&quot;,&quot;top&quot;:&quot;&quot;,&quot;right&quot;:&quot;&quot;,&quot;bottom&quot;:&quot;&quot;,&quot;left&quot;:&quot;&quot;,&quot;isLinked&quot;:true},&quot;element_pack_global_tooltip_padding_widescreen&quot;:{&quot;unit&quot;:&quot;px&quot;,&quot;top&quot;:&quot;&quot;,&quot;right&quot;:&quot;&quot;,&quot;bottom&quot;:&quot;&quot;,&quot;left&quot;:&quot;&quot;,&quot;isLinked&quot;:true},&quot;element_pack_global_tooltip_padding_laptop&quot;:{&quot;unit&quot;:&quot;px&quot;,&quot;top&quot;:&quot;&quot;,&quot;right&quot;:&quot;&quot;,&quot;bottom&quot;:&quot;&quot;,&quot;left&quot;:&quot;&quot;,&quot;isLinked&quot;:true},&quot;element_pack_global_tooltip_padding_tablet&quot;:{&quot;unit&quot;:&quot;px&quot;,&quot;top&quot;:&quot;&quot;,&quot;right&quot;:&quot;&quot;,&quot;bottom&quot;:&quot;&quot;,&quot;left&quot;:&quot;&quot;,&quot;isLinked&quot;:true},&quot;element_pack_global_tooltip_padding_mobile&quot;:{&quot;unit&quot;:&quot;px&quot;,&quot;top&quot;:&quot;&quot;,&quot;right&quot;:&quot;&quot;,&quot;bottom&quot;:&quot;&quot;,&quot;left&quot;:&quot;&quot;,&quot;isLinked&quot;:true},&quot;element_pack_global_tooltip_border_radius&quot;:{&quot;unit&quot;:&quot;px&quot;,&quot;top&quot;:&quot;&quot;,&quot;right&quot;:&quot;&quot;,&quot;bottom&quot;:&quot;&quot;,&quot;left&quot;:&quot;&quot;,&quot;isLinked&quot;:true},&quot;element_pack_global_tooltip_border_radius_widescreen&quot;:{&quot;unit&quot;:&quot;px&quot;,&quot;top&quot;:&quot;&quot;,&quot;right&quot;:&quot;&quot;,&quot;bottom&quot;:&quot;&quot;,&quot;left&quot;:&quot;&quot;,&quot;isLinked&quot;:true},&quot;element_pack_global_tooltip_border_radius_laptop&quot;:{&quot;unit&quot;:&quot;px&quot;,&quot;top&quot;:&quot;&quot;,&quot;right&quot;:&quot;&quot;,&quot;bottom&quot;:&quot;&quot;,&quot;left&quot;:&quot;&quot;,&quot;isLinked&quot;:true},&quot;element_pack_global_tooltip_border_radius_tablet&quot;:{&quot;unit&quot;:&quot;px&quot;,&quot;top&quot;:&quot;&quot;,&quot;right&quot;:&quot;&quot;,&quot;bottom&quot;:&quot;&quot;,&quot;left&quot;:&quot;&quot;,&quot;isLinked&quot;:true},&quot;element_pack_global_tooltip_border_radius_mobile&quot;:{&quot;unit&quot;:&quot;px&quot;,&quot;top&quot;:&quot;&quot;,&quot;right&quot;:&quot;&quot;,&quot;bottom&quot;:&quot;&quot;,&quot;left&quot;:&quot;&quot;,&quot;isLinked&quot;:true}}\" data-elementor-post-type=\"page\">\n\t\t\t\t\t\t<section class=\"elementor-section elementor-top-section elementor-element elementor-element-8098061 elementor-hidden-widescreen elementor-hidden-desktop elementor-hidden-laptop elementor-hidden-tablet elementor-hidden-mobile elementor-section-boxed elementor-section-height-default elementor-section-height-default\" data-id=\"8098061\" data-element_type=\"section\" data-e-type=\"section\">\n\t\t\t\t\t\t<div class=\"elementor-container elementor-column-gap-default\">\n\t\t\t\t\t<div class=\"elementor-column elementor-col-100 elementor-top-column elementor-element elementor-element-b6d90ad\" data-id=\"b6d90ad\" data-element_type=\"column\" data-e-type=\"column\">\n\t\t\t<div class=\"elementor-widget-wrap elementor-element-populated\">\n\t\t\t\t\t\t<div class=\"elementor-element elementor-element-2e610f2 elementor-widget elementor-widget-heading\" data-id=\"2e610f2\" data-element_type=\"widget\" data-e-type=\"widget\" data-widget_type=\"heading.default\">\n\t\t\t\t<div class=\"elementor-widget-container\">\n\t\t\t\t\t<h2 class=\"elementor-heading-title elementor-size-default\">H\u01b0\u1edbng D\u1eabn Giao D\u1ecbch Ng\u00e0y L\u1ec5 2025<\/h2>\t\t\t\t<\/div>\n\t\t\t\t<\/div>\n\t\t\t\t<div class=\"elementor-element elementor-element-a3f6973 elementor-widget elementor-widget-text-editor\" data-id=\"a3f6973\" data-element_type=\"widget\" data-e-type=\"widget\" data-widget_type=\"text-editor.default\">\n\t\t\t\t<div class=\"elementor-widget-container\">\n\t\t\t\t\t\t\t\t\tTheo d\u00f5i c\u00e1c ng\u00e0y l\u1ec5 th\u1ecb tr\u01b0\u1eddng to\u00e0n c\u1ea7u v\u00e0 l\u1eadp k\u1ebf ho\u1ea1ch giao d\u1ecbch c\u1ee7a b\u1ea1n m\u1ed9t c\u00e1ch hi\u1ec7u qu\u1ea3 v\u1edbi nh\u1eefng th\u00f4ng tin ng\u00e0y l\u1ec5 \u0111\u01b0\u1ee3c c\u1eadp nh\u1eadt.\t\t\t\t\t\t\t\t<\/div>\n\t\t\t\t<\/div>\n\t\t\t\t\t<\/div>\n\t\t<\/div>\n\t\t\t\t\t<\/div>\n\t\t<\/section>\n\t\t\t\t<section class=\"elementor-section elementor-top-section elementor-element elementor-element-2b57a5d elementor-hidden-widescreen elementor-hidden-desktop elementor-hidden-laptop elementor-hidden-tablet elementor-hidden-mobile elementor-section-boxed elementor-section-height-default elementor-section-height-default\" data-id=\"2b57a5d\" data-element_type=\"section\" data-e-type=\"section\">\n\t\t\t\t\t\t<div class=\"elementor-container elementor-column-gap-default\">\n\t\t\t\t\t<div class=\"elementor-column elementor-col-100 elementor-top-column elementor-element elementor-element-9bbb606\" data-id=\"9bbb606\" data-element_type=\"column\" data-e-type=\"column\" data-settings=\"{&quot;background_background&quot;:&quot;gradient&quot;}\">\n\t\t\t<div class=\"elementor-widget-wrap elementor-element-populated\">\n\t\t\t\t\t\t<div class=\"elementor-element elementor-element-ed4136d market_holiday_board elementor-widget elementor-widget-html\" data-id=\"ed4136d\" data-element_type=\"widget\" data-e-type=\"widget\" data-widget_type=\"html.default\">\n\t\t\t\t<div class=\"elementor-widget-container\">\n\t\t\t\t\t<div class=\"gswpts_tables_container gswpts_table_53\" id=\"53\" data-nonce=\"5b81923bdd\" data-ai-summary=\"false\" data-summary-source=\"generate_on_click\" data-summary-display=\"always_show\"><div class=\"gswpts_tables_content\">\n\t\t\t<div class=\"ui segment gswpts_table_loader\">\n\t\t\t\t<div class=\"ui active inverted dimmer\">\n\t\t\t\t\t<div class=\"ui large text loader\">Loading<\/div>\n\t\t\t\t<\/div>\n\t\t\t\t<p><\/p>\n\t\t\t\t<p><\/p>\n\t\t\t\t<p><\/p>\n\t\t\t<\/div>\n\t\t<\/div><\/div><br><br>\t\t\t\t<\/div>\n\t\t\t\t<\/div>\n\t\t\t\t\t<\/div>\n\t\t<\/div>\n\t\t\t\t\t<\/div>\n\t\t<\/section>\n\t\t\t\t<section class=\"elementor-section elementor-top-section elementor-element elementor-element-a12d211 elementor-section-boxed elementor-section-height-default elementor-section-height-default\" data-id=\"a12d211\" data-element_type=\"section\" data-e-type=\"section\">\n\t\t\t\t\t\t<div class=\"elementor-container elementor-column-gap-default\">\n\t\t\t\t\t<div class=\"elementor-column elementor-col-100 elementor-top-column elementor-element elementor-element-1ee56ab\" data-id=\"1ee56ab\" data-element_type=\"column\" data-e-type=\"column\">\n\t\t\t<div class=\"elementor-widget-wrap elementor-element-populated\">\n\t\t\t\t\t\t<div class=\"elementor-element elementor-element-d649475 elementor-widget elementor-widget-heading\" data-id=\"d649475\" data-element_type=\"widget\" data-e-type=\"widget\" data-widget_type=\"heading.default\">\n\t\t\t\t<div class=\"elementor-widget-container\">\n\t\t\t\t\t<h2 class=\"elementor-heading-title elementor-size-default\">Gi\u1edd giao d\u1ecbch \u0111\u00e3 tr\u1edf l\u1ea1i b\u00ecnh th\u01b0\u1eddng\n<\/h2>\t\t\t\t<\/div>\n\t\t\t\t<\/div>\n\t\t\t\t<div class=\"elementor-element elementor-element-82acb05 elementor-widget elementor-widget-text-editor\" data-id=\"82acb05\" data-element_type=\"widget\" data-e-type=\"widget\" data-widget_type=\"text-editor.default\">\n\t\t\t\t<div class=\"elementor-widget-container\">\n\t\t\t\t\t\t\t\t\t<p style=\"text-align: center;\">Xin vui l\u00f2ng tham kh\u1ea3o trang <a href=\"\/vi\/products\/\">T\u1ed5ng quan t\u00e0i s\u1ea3n<\/a> \u0111\u1ec3 bi\u1ebft gi\u1edd giao d\u1ecbch th\u00f4ng th\u01b0\u1eddng tr\u00ean t\u1ea5t c\u1ea3 c\u00e1c lo\u1ea1i t\u00e0i s\u1ea3n.<\/p>\t\t\t\t\t\t\t\t<\/div>\n\t\t\t\t<\/div>\n\t\t\t\t<div class=\"elementor-element elementor-element-fbdea64 elementor-align-center elementor-widget__width-inherit brand_prmr_btn elementor-widget elementor-widget-bdt-advanced-button\" data-id=\"fbdea64\" data-element_type=\"widget\" data-e-type=\"widget\" data-widget_type=\"bdt-advanced-button.default\">\n\t\t\t\t<div class=\"elementor-widget-container\">\n\t\t\t\t\t\t\t<div class=\"bdt-ep-button-wrapper\">\n\t\t\t<a href=\"\/vi\/products\/\" target=\"_blank\" class=\"bdt-ep-button bdt-ep-button-effect-b bdt-ep-button-size-sm elementor-animation-grow\">\n\t\t\t\t\t\t<div class=\"bdt-ep-button-content-wrapper bdt-flex bdt-flex-middle bdt-flex-center\" data-text=\"Xem t\u1ea5t c\u1ea3 t\u00e0i s\u1ea3n\">\n\t\t\t\t\t\t\t<div class=\"bdt-ep-button-icon bdt-flex-center bdt-flex-align-right\">\n\t\t\t\t\t<div class=\"bdt-ep-button-icon-inner\">\n\n\t\t\t\t\t\t<svg xmlns=\"http:\/\/www.w3.org\/2000\/svg\" width=\"20\" height=\"20\" viewBox=\"0 0 20 20\" fill=\"none\"><path d=\"M10.0007 3.33325L8.82565 4.50825L13.4757 9.16658H3.33398V10.8333H13.4757L8.82565 15.4916L10.0007 16.6666L16.6673 9.99992L10.0007 3.33325Z\" fill=\"white\"><\/path><\/svg>\n\t\t\t\t\t<\/div>\n\t\t\t\t<\/div>\n\t\t\t\n\t\t\t<div class=\"bdt-ep-button-text\">\n\n\t\t\t\t<span class=\"avdbtn-text\">\n\t\t\t\t\tXem t\u1ea5t c\u1ea3 t\u00e0i s\u1ea3n\t\t\t\t<\/span>\n\n\t\t\t\t\t\t\t<\/div>\n\n\t\t\t\n\t\t<\/div>\n\t\t\t\t\t<\/a>\n\t\t<\/div>\n\t\t\t\t\t\t<\/div>\n\t\t\t\t<\/div>\n\t\t\t\t\t<\/div>\n\t\t<\/div>\n\t\t\t\t\t<\/div>\n\t\t<\/section>\n\t\t\t\t<section class=\"elementor-section elementor-top-section elementor-element elementor-element-90217b1 elementor-section-boxed elementor-section-height-default elementor-section-height-default\" data-id=\"90217b1\" data-element_type=\"section\" data-e-type=\"section\">\n\t\t\t\t\t\t<div class=\"elementor-container elementor-column-gap-default\">\n\t\t\t\t\t<div class=\"elementor-column elementor-col-100 elementor-top-column elementor-element elementor-element-ca0ab36\" data-id=\"ca0ab36\" data-element_type=\"column\" data-e-type=\"column\">\n\t\t\t<div class=\"elementor-widget-wrap elementor-element-populated\">\n\t\t\t\t\t\t<div class=\"elementor-element elementor-element-93f6e64 elementor-widget elementor-widget-text-editor\" data-id=\"93f6e64\" data-element_type=\"widget\" data-e-type=\"widget\" data-widget_type=\"text-editor.default\">\n\t\t\t\t<div class=\"elementor-widget-container\">\n\t\t\t\t\t\t\t\t\t<p><strong>L\u01b0u \u00fd quan tr\u1ecdng:<\/strong> L\u1ecbch tr\u00ecnh c\u00f3 th\u1ec3 thay \u0111\u1ed5i. Windsor Brokers c\u00f3 quy\u1ec1n h\u00e0nh \u0111\u1ed9ng theo \u0111i\u1ec1u ki\u1ec7n th\u1ecb tr\u01b0\u1eddng v\u00e0 c\u00f3 th\u1ec3 kh\u00f4ng c\u1ea7n th\u00f4ng b\u00e1o tr\u01b0\u1edbc, \u0111i\u1ec1u ch\u1ec9nh y\u00eau c\u1ea7u k\u00fd qu\u1ef9, k\u00edch ho\u1ea1t ch\u1ebf \u0111\u1ed9 &#8216;Ch\u1ec9 \u0110\u00f3ng&#8217; ho\u1eb7c t\u1ea1m ng\u01b0ng giao d\u1ecbch tr\u00ean c\u00e1c c\u00f4ng c\u1ee5 t\u00e0i ch\u00ednh c\u00f3 th\u1ec3 b\u1ecb \u1ea3nh h\u01b0\u1edfng n\u1ebfu \u0111\u01b0\u1ee3c coi l\u00e0 c\u1ea7n thi\u1ebft.<br \/><br \/>Ch\u00fang t\u00f4i khuy\u1ebfn c\u00e1o b\u1ea1n n\u00ean c\u1ea9n tr\u1ecdng h\u01a1n khi giao d\u1ecbch trong c\u00e1c ng\u00e0y l\u1ec5 th\u1ecb tr\u01b0\u1eddng, trong c\u00e1c giai \u0111o\u1ea1n bi\u1ebfn \u0111\u1ed9ng th\u1ecb tr\u01b0\u1eddng t\u0103ng cao do c\u00e1c s\u1ef1 ki\u1ec7n b\u1ea5t th\u01b0\u1eddng, ho\u1eb7c trong nh\u1eefng th\u1eddi \u0111i\u1ec3m thanh kho\u1ea3n gi\u1ea3m ho\u1eb7c t\u0103ng, v\u00ec nh\u1eefng \u0111i\u1ec1u ki\u1ec7n n\u00e0y c\u00f3 th\u1ec3 d\u1eabn \u0111\u1ebfn ch\u00eanh l\u1ec7ch gi\u00e1 r\u1ed9ng h\u01a1n v\u00e0\/ho\u1eb7c kho\u1ea3ng c\u00e1ch gi\u00e1.<\/p>\t\t\t\t\t\t\t\t<\/div>\n\t\t\t\t<\/div>\n\t\t\t\t\t<\/div>\n\t\t<\/div>\n\t\t\t\t\t<\/div>\n\t\t<\/section>\n\t\t\t\t<\/div>\n\t\t","protected":false},"excerpt":{"rendered":"<p>H\u01b0\u1edbng D\u1eabn Giao D\u1ecbch Ng\u00e0y L\u1ec5 2025 Theo d\u00f5i c\u00e1c ng\u00e0y l\u1ec5 th\u1ecb tr\u01b0\u1eddng to\u00e0n c\u1ea7u v\u00e0 l\u1eadp k\u1ebf ho\u1ea1ch giao d\u1ecbch c\u1ee7a b\u1ea1n m\u1ed9t c\u00e1ch hi\u1ec7u qu\u1ea3 v\u1edbi nh\u1eefng th\u00f4ng tin ng\u00e0y l\u1ec5 \u0111\u01b0\u1ee3c c\u1eadp nh\u1eadt. Gi\u1edd giao d\u1ecbch \u0111\u00e3 tr\u1edf l\u1ea1i b\u00ecnh th\u01b0\u1eddng Xin vui l\u00f2ng tham kh\u1ea3o trang T\u1ed5ng quan t\u00e0i s\u1ea3n [&hellip;]<\/p>\n","protected":false},"author":9,"featured_media":105340,"parent":110188,"menu_order":0,"comment_status":"closed","ping_status":"closed","template":"elementor_header_footer","meta":{"footnotes":""},"class_list":["post-109695","page","type-page","status-publish","has-post-thumbnail","hentry"],"yoast_head":"<!-- This site is optimized with the Yoast SEO plugin v27.3 - https:\/\/yoast.com\/product\/yoast-seo-wordpress\/ -->\n<title>Ng\u00e0y L\u1ec5 Th\u1ecb Tr\u01b0\u1eddng | Windsor Brokers<\/title>\n<meta name=\"description\" content=\"Gi\u1eef th\u00f4ng tin v\u1edbi trang Ng\u00e0y L\u1ec5 Th\u1ecb Tr\u01b0\u1eddng c\u1ee7a Windsor Brokers. L\u1eadp k\u1ebf ho\u1ea1ch giao d\u1ecbch c\u1ee7a b\u1ea1n xung quanh c\u00e1c ng\u00e0y \u0111\u00f3ng c\u1eeda v\u00e0 l\u1ecbch tr\u00ecnh th\u1ecb tr\u01b0\u1eddng to\u00e0n c\u1ea7u.\" \/>\n<meta name=\"robots\" content=\"index, follow, max-snippet:-1, max-image-preview:large, max-video-preview:-1\" \/>\n<meta property=\"og:locale\" content=\"vi_VN\" \/>\n<meta property=\"og:type\" content=\"article\" \/>\n<meta property=\"og:title\" content=\"Ng\u00e0y L\u1ec5 Th\u1ecb Tr\u01b0\u1eddng | Windsor Brokers\" \/>\n<meta property=\"og:description\" content=\"Gi\u1eef th\u00f4ng tin v\u1edbi trang Ng\u00e0y L\u1ec5 Th\u1ecb Tr\u01b0\u1eddng c\u1ee7a Windsor Brokers. L\u1eadp k\u1ebf ho\u1ea1ch giao d\u1ecbch c\u1ee7a b\u1ea1n xung quanh c\u00e1c ng\u00e0y \u0111\u00f3ng c\u1eeda v\u00e0 l\u1ecbch tr\u00ecnh th\u1ecb tr\u01b0\u1eddng to\u00e0n c\u1ea7u.\" \/>\n<meta property=\"og:url\" content=\"https:\/\/windsorbrokers.com\/vi\/tools\/market-holidays\/\" \/>\n<meta property=\"og:site_name\" content=\"CFDs on FX, Stocks &amp; More\" \/>\n<meta property=\"article:modified_time\" content=\"2026-01-13T09:12:52+00:00\" \/>\n<meta property=\"og:image\" content=\"https:\/\/windsorbrokers.com\/wp-content\/uploads\/2025\/07\/Feature-Image-1.png\" \/>\n\t<meta property=\"og:image:width\" content=\"1200\" \/>\n\t<meta property=\"og:image:height\" content=\"630\" \/>\n\t<meta property=\"og:image:type\" content=\"image\/png\" \/>\n<meta name=\"twitter:card\" content=\"summary_large_image\" \/>\n<meta name=\"twitter:label1\" content=\"Est. reading time\" \/>\n\t<meta name=\"twitter:data1\" content=\"2 minutes\" \/>\n<script type=\"application\/ld+json\" class=\"yoast-schema-graph\">{\"@context\":\"https:\\\/\\\/schema.org\",\"@graph\":[{\"@type\":\"WebPage\",\"@id\":\"https:\\\/\\\/windsorbrokers.com\\\/vi\\\/tools\\\/market-holidays\\\/\",\"url\":\"https:\\\/\\\/windsorbrokers.com\\\/vi\\\/tools\\\/market-holidays\\\/\",\"name\":\"Ng\u00e0y L\u1ec5 Th\u1ecb Tr\u01b0\u1eddng | Windsor Brokers\",\"isPartOf\":{\"@id\":\"https:\\\/\\\/windsorbrokers.com\\\/#website\"},\"primaryImageOfPage\":{\"@id\":\"https:\\\/\\\/windsorbrokers.com\\\/vi\\\/tools\\\/market-holidays\\\/#primaryimage\"},\"image\":{\"@id\":\"https:\\\/\\\/windsorbrokers.com\\\/vi\\\/tools\\\/market-holidays\\\/#primaryimage\"},\"thumbnailUrl\":\"https:\\\/\\\/windsorbrokers.com\\\/wp-content\\\/uploads\\\/2025\\\/07\\\/Feature-Image-1.png\",\"datePublished\":\"2025-05-27T13:10:37+00:00\",\"dateModified\":\"2026-01-13T09:12:52+00:00\",\"description\":\"Gi\u1eef th\u00f4ng tin v\u1edbi trang Ng\u00e0y L\u1ec5 Th\u1ecb Tr\u01b0\u1eddng c\u1ee7a Windsor Brokers. L\u1eadp k\u1ebf ho\u1ea1ch giao d\u1ecbch c\u1ee7a b\u1ea1n xung quanh c\u00e1c ng\u00e0y \u0111\u00f3ng c\u1eeda v\u00e0 l\u1ecbch tr\u00ecnh th\u1ecb tr\u01b0\u1eddng to\u00e0n c\u1ea7u.\",\"breadcrumb\":{\"@id\":\"https:\\\/\\\/windsorbrokers.com\\\/vi\\\/tools\\\/market-holidays\\\/#breadcrumb\"},\"inLanguage\":\"vi-VN\",\"potentialAction\":[{\"@type\":\"ReadAction\",\"target\":[\"https:\\\/\\\/windsorbrokers.com\\\/vi\\\/tools\\\/market-holidays\\\/\"]}]},{\"@type\":\"ImageObject\",\"inLanguage\":\"vi-VN\",\"@id\":\"https:\\\/\\\/windsorbrokers.com\\\/vi\\\/tools\\\/market-holidays\\\/#primaryimage\",\"url\":\"https:\\\/\\\/windsorbrokers.com\\\/wp-content\\\/uploads\\\/2025\\\/07\\\/Feature-Image-1.png\",\"contentUrl\":\"https:\\\/\\\/windsorbrokers.com\\\/wp-content\\\/uploads\\\/2025\\\/07\\\/Feature-Image-1.png\",\"width\":1200,\"height\":630},{\"@type\":\"BreadcrumbList\",\"@id\":\"https:\\\/\\\/windsorbrokers.com\\\/vi\\\/tools\\\/market-holidays\\\/#breadcrumb\",\"itemListElement\":[{\"@type\":\"ListItem\",\"position\":1,\"name\":\"Home\",\"item\":\"https:\\\/\\\/windsorbrokers.com\\\/vi\\\/\"},{\"@type\":\"ListItem\",\"position\":2,\"name\":\"Tools\",\"item\":\"https:\\\/\\\/windsorbrokers.com\\\/vi\\\/tools\\\/\"},{\"@type\":\"ListItem\",\"position\":3,\"name\":\"Market Holidays\"}]},{\"@type\":\"WebSite\",\"@id\":\"https:\\\/\\\/windsorbrokers.com\\\/#website\",\"url\":\"https:\\\/\\\/windsorbrokers.com\\\/\",\"name\":\"CFDs on FX, Stocks & More\",\"description\":\"\",\"publisher\":{\"@id\":\"https:\\\/\\\/windsorbrokers.com\\\/#organization\"},\"potentialAction\":[{\"@type\":\"SearchAction\",\"target\":{\"@type\":\"EntryPoint\",\"urlTemplate\":\"https:\\\/\\\/windsorbrokers.com\\\/?s={search_term_string}\"},\"query-input\":{\"@type\":\"PropertyValueSpecification\",\"valueRequired\":true,\"valueName\":\"search_term_string\"}}],\"inLanguage\":\"vi-VN\"},{\"@type\":\"Organization\",\"@id\":\"https:\\\/\\\/windsorbrokers.com\\\/#organization\",\"name\":\"CFDs on FX, Stocks & More\",\"url\":\"https:\\\/\\\/windsorbrokers.com\\\/\",\"logo\":{\"@type\":\"ImageObject\",\"inLanguage\":\"vi-VN\",\"@id\":\"https:\\\/\\\/windsorbrokers.com\\\/#\\\/schema\\\/logo\\\/image\\\/\",\"url\":\"https:\\\/\\\/windsorbrokers.com\\\/wp-content\\\/uploads\\\/2022\\\/07\\\/WB-icon.png\",\"contentUrl\":\"https:\\\/\\\/windsorbrokers.com\\\/wp-content\\\/uploads\\\/2022\\\/07\\\/WB-icon.png\",\"width\":172,\"height\":116,\"caption\":\"CFDs on FX, Stocks & More\"},\"image\":{\"@id\":\"https:\\\/\\\/windsorbrokers.com\\\/#\\\/schema\\\/logo\\\/image\\\/\"}}]}<\/script>\n<!-- \/ Yoast SEO plugin. -->","yoast_head_json":{"title":"Ng\u00e0y L\u1ec5 Th\u1ecb Tr\u01b0\u1eddng | Windsor Brokers","description":"Gi\u1eef th\u00f4ng tin v\u1edbi trang Ng\u00e0y L\u1ec5 Th\u1ecb Tr\u01b0\u1eddng c\u1ee7a Windsor Brokers. L\u1eadp k\u1ebf ho\u1ea1ch giao d\u1ecbch c\u1ee7a b\u1ea1n xung quanh c\u00e1c ng\u00e0y \u0111\u00f3ng c\u1eeda v\u00e0 l\u1ecbch tr\u00ecnh th\u1ecb tr\u01b0\u1eddng to\u00e0n c\u1ea7u.","robots":{"index":"index","follow":"follow","max-snippet":"max-snippet:-1","max-image-preview":"max-image-preview:large","max-video-preview":"max-video-preview:-1"},"og_locale":"vi_VN","og_type":"article","og_title":"Ng\u00e0y L\u1ec5 Th\u1ecb Tr\u01b0\u1eddng | Windsor Brokers","og_description":"Gi\u1eef th\u00f4ng tin v\u1edbi trang Ng\u00e0y L\u1ec5 Th\u1ecb Tr\u01b0\u1eddng c\u1ee7a Windsor Brokers. L\u1eadp k\u1ebf ho\u1ea1ch giao d\u1ecbch c\u1ee7a b\u1ea1n xung quanh c\u00e1c ng\u00e0y \u0111\u00f3ng c\u1eeda v\u00e0 l\u1ecbch tr\u00ecnh th\u1ecb tr\u01b0\u1eddng to\u00e0n c\u1ea7u.","og_url":"https:\/\/windsorbrokers.com\/vi\/tools\/market-holidays\/","og_site_name":"CFDs on FX, Stocks &amp; More","article_modified_time":"2026-01-13T09:12:52+00:00","og_image":[{"width":1200,"height":630,"url":"https:\/\/windsorbrokers.com\/wp-content\/uploads\/2025\/07\/Feature-Image-1.png","type":"image\/png"}],"twitter_card":"summary_large_image","twitter_misc":{"Est. reading time":"2 minutes"},"schema":{"@context":"https:\/\/schema.org","@graph":[{"@type":"WebPage","@id":"https:\/\/windsorbrokers.com\/vi\/tools\/market-holidays\/","url":"https:\/\/windsorbrokers.com\/vi\/tools\/market-holidays\/","name":"Ng\u00e0y L\u1ec5 Th\u1ecb Tr\u01b0\u1eddng | Windsor Brokers","isPartOf":{"@id":"https:\/\/windsorbrokers.com\/#website"},"primaryImageOfPage":{"@id":"https:\/\/windsorbrokers.com\/vi\/tools\/market-holidays\/#primaryimage"},"image":{"@id":"https:\/\/windsorbrokers.com\/vi\/tools\/market-holidays\/#primaryimage"},"thumbnailUrl":"https:\/\/windsorbrokers.com\/wp-content\/uploads\/2025\/07\/Feature-Image-1.png","datePublished":"2025-05-27T13:10:37+00:00","dateModified":"2026-01-13T09:12:52+00:00","description":"Gi\u1eef th\u00f4ng tin v\u1edbi trang Ng\u00e0y L\u1ec5 Th\u1ecb Tr\u01b0\u1eddng c\u1ee7a Windsor Brokers. L\u1eadp k\u1ebf ho\u1ea1ch giao d\u1ecbch c\u1ee7a b\u1ea1n xung quanh c\u00e1c ng\u00e0y \u0111\u00f3ng c\u1eeda v\u00e0 l\u1ecbch tr\u00ecnh th\u1ecb tr\u01b0\u1eddng to\u00e0n c\u1ea7u.","breadcrumb":{"@id":"https:\/\/windsorbrokers.com\/vi\/tools\/market-holidays\/#breadcrumb"},"inLanguage":"vi-VN","potentialAction":[{"@type":"ReadAction","target":["https:\/\/windsorbrokers.com\/vi\/tools\/market-holidays\/"]}]},{"@type":"ImageObject","inLanguage":"vi-VN","@id":"https:\/\/windsorbrokers.com\/vi\/tools\/market-holidays\/#primaryimage","url":"https:\/\/windsorbrokers.com\/wp-content\/uploads\/2025\/07\/Feature-Image-1.png","contentUrl":"https:\/\/windsorbrokers.com\/wp-content\/uploads\/2025\/07\/Feature-Image-1.png","width":1200,"height":630},{"@type":"BreadcrumbList","@id":"https:\/\/windsorbrokers.com\/vi\/tools\/market-holidays\/#breadcrumb","itemListElement":[{"@type":"ListItem","position":1,"name":"Home","item":"https:\/\/windsorbrokers.com\/vi\/"},{"@type":"ListItem","position":2,"name":"Tools","item":"https:\/\/windsorbrokers.com\/vi\/tools\/"},{"@type":"ListItem","position":3,"name":"Market Holidays"}]},{"@type":"WebSite","@id":"https:\/\/windsorbrokers.com\/#website","url":"https:\/\/windsorbrokers.com\/","name":"CFDs on FX, Stocks & More","description":"","publisher":{"@id":"https:\/\/windsorbrokers.com\/#organization"},"potentialAction":[{"@type":"SearchAction","target":{"@type":"EntryPoint","urlTemplate":"https:\/\/windsorbrokers.com\/?s={search_term_string}"},"query-input":{"@type":"PropertyValueSpecification","valueRequired":true,"valueName":"search_term_string"}}],"inLanguage":"vi-VN"},{"@type":"Organization","@id":"https:\/\/windsorbrokers.com\/#organization","name":"CFDs on FX, Stocks & More","url":"https:\/\/windsorbrokers.com\/","logo":{"@type":"ImageObject","inLanguage":"vi-VN","@id":"https:\/\/windsorbrokers.com\/#\/schema\/logo\/image\/","url":"https:\/\/windsorbrokers.com\/wp-content\/uploads\/2022\/07\/WB-icon.png","contentUrl":"https:\/\/windsorbrokers.com\/wp-content\/uploads\/2022\/07\/WB-icon.png","width":172,"height":116,"caption":"CFDs on FX, Stocks & More"},"image":{"@id":"https:\/\/windsorbrokers.com\/#\/schema\/logo\/image\/"}}]}},"_links":{"self":[{"href":"https:\/\/windsorbrokers.com\/vi\/wp-json\/wp\/v2\/pages\/109695","targetHints":{"allow":["GET"]}}],"collection":[{"href":"https:\/\/windsorbrokers.com\/vi\/wp-json\/wp\/v2\/pages"}],"about":[{"href":"https:\/\/windsorbrokers.com\/vi\/wp-json\/wp\/v2\/types\/page"}],"author":[{"embeddable":true,"href":"https:\/\/windsorbrokers.com\/vi\/wp-json\/wp\/v2\/users\/9"}],"replies":[{"embeddable":true,"href":"https:\/\/windsorbrokers.com\/vi\/wp-json\/wp\/v2\/comments?post=109695"}],"version-history":[{"count":5,"href":"https:\/\/windsorbrokers.com\/vi\/wp-json\/wp\/v2\/pages\/109695\/revisions"}],"predecessor-version":[{"id":125348,"href":"https:\/\/windsorbrokers.com\/vi\/wp-json\/wp\/v2\/pages\/109695\/revisions\/125348"}],"up":[{"embeddable":true,"href":"https:\/\/windsorbrokers.com\/vi\/wp-json\/wp\/v2\/pages\/110188"}],"wp:featuredmedia":[{"embeddable":true,"href":"https:\/\/windsorbrokers.com\/vi\/wp-json\/wp\/v2\/media\/105340"}],"wp:attachment":[{"href":"https:\/\/windsorbrokers.com\/vi\/wp-json\/wp\/v2\/media?parent=109695"}],"curies":[{"name":"wp","href":"https:\/\/api.w.org\/{rel}","templated":true}]}}