{"id":109631,"date":"2025-05-27T12:58:51","date_gmt":"2025-05-27T12:58:51","guid":{"rendered":"https:\/\/windsorbrokers.com\/?page_id=109631"},"modified":"2025-08-04T09:34:02","modified_gmt":"2025-08-04T09:34:02","slug":"economic-calendar","status":"publish","type":"page","link":"https:\/\/windsorbrokers.com\/vi\/tools\/economic-calendar\/","title":{"rendered":"Economic Calendar"},"content":{"rendered":"\t\t<div data-elementor-type=\"wp-page\" data-elementor-id=\"109631\" class=\"elementor elementor-109631 elementor-70024\" data-elementor-settings=\"{&quot;element_pack_global_tooltip_width&quot;:{&quot;unit&quot;:&quot;px&quot;,&quot;size&quot;:&quot;&quot;,&quot;sizes&quot;:[]},&quot;element_pack_global_tooltip_width_widescreen&quot;:{&quot;unit&quot;:&quot;px&quot;,&quot;size&quot;:&quot;&quot;,&quot;sizes&quot;:[]},&quot;element_pack_global_tooltip_width_laptop&quot;:{&quot;unit&quot;:&quot;px&quot;,&quot;size&quot;:&quot;&quot;,&quot;sizes&quot;:[]},&quot;element_pack_global_tooltip_width_tablet&quot;:{&quot;unit&quot;:&quot;px&quot;,&quot;size&quot;:&quot;&quot;,&quot;sizes&quot;:[]},&quot;element_pack_global_tooltip_width_mobile&quot;:{&quot;unit&quot;:&quot;px&quot;,&quot;size&quot;:&quot;&quot;,&quot;sizes&quot;:[]},&quot;element_pack_global_tooltip_padding&quot;:{&quot;unit&quot;:&quot;px&quot;,&quot;top&quot;:&quot;&quot;,&quot;right&quot;:&quot;&quot;,&quot;bottom&quot;:&quot;&quot;,&quot;left&quot;:&quot;&quot;,&quot;isLinked&quot;:true},&quot;element_pack_global_tooltip_padding_widescreen&quot;:{&quot;unit&quot;:&quot;px&quot;,&quot;top&quot;:&quot;&quot;,&quot;right&quot;:&quot;&quot;,&quot;bottom&quot;:&quot;&quot;,&quot;left&quot;:&quot;&quot;,&quot;isLinked&quot;:true},&quot;element_pack_global_tooltip_padding_laptop&quot;:{&quot;unit&quot;:&quot;px&quot;,&quot;top&quot;:&quot;&quot;,&quot;right&quot;:&quot;&quot;,&quot;bottom&quot;:&quot;&quot;,&quot;left&quot;:&quot;&quot;,&quot;isLinked&quot;:true},&quot;element_pack_global_tooltip_padding_tablet&quot;:{&quot;unit&quot;:&quot;px&quot;,&quot;top&quot;:&quot;&quot;,&quot;right&quot;:&quot;&quot;,&quot;bottom&quot;:&quot;&quot;,&quot;left&quot;:&quot;&quot;,&quot;isLinked&quot;:true},&quot;element_pack_global_tooltip_padding_mobile&quot;:{&quot;unit&quot;:&quot;px&quot;,&quot;top&quot;:&quot;&quot;,&quot;right&quot;:&quot;&quot;,&quot;bottom&quot;:&quot;&quot;,&quot;left&quot;:&quot;&quot;,&quot;isLinked&quot;:true},&quot;element_pack_global_tooltip_border_radius&quot;:{&quot;unit&quot;:&quot;px&quot;,&quot;top&quot;:&quot;&quot;,&quot;right&quot;:&quot;&quot;,&quot;bottom&quot;:&quot;&quot;,&quot;left&quot;:&quot;&quot;,&quot;isLinked&quot;:true},&quot;element_pack_global_tooltip_border_radius_widescreen&quot;:{&quot;unit&quot;:&quot;px&quot;,&quot;top&quot;:&quot;&quot;,&quot;right&quot;:&quot;&quot;,&quot;bottom&quot;:&quot;&quot;,&quot;left&quot;:&quot;&quot;,&quot;isLinked&quot;:true},&quot;element_pack_global_tooltip_border_radius_laptop&quot;:{&quot;unit&quot;:&quot;px&quot;,&quot;top&quot;:&quot;&quot;,&quot;right&quot;:&quot;&quot;,&quot;bottom&quot;:&quot;&quot;,&quot;left&quot;:&quot;&quot;,&quot;isLinked&quot;:true},&quot;element_pack_global_tooltip_border_radius_tablet&quot;:{&quot;unit&quot;:&quot;px&quot;,&quot;top&quot;:&quot;&quot;,&quot;right&quot;:&quot;&quot;,&quot;bottom&quot;:&quot;&quot;,&quot;left&quot;:&quot;&quot;,&quot;isLinked&quot;:true},&quot;element_pack_global_tooltip_border_radius_mobile&quot;:{&quot;unit&quot;:&quot;px&quot;,&quot;top&quot;:&quot;&quot;,&quot;right&quot;:&quot;&quot;,&quot;bottom&quot;:&quot;&quot;,&quot;left&quot;:&quot;&quot;,&quot;isLinked&quot;:true}}\" data-elementor-post-type=\"page\">\n\t\t\t\t\t\t<section class=\"elementor-section elementor-top-section elementor-element elementor-element-5e0c065 elementor-section-boxed elementor-section-height-default elementor-section-height-default\" data-id=\"5e0c065\" data-element_type=\"section\" data-e-type=\"section\">\n\t\t\t\t\t\t<div class=\"elementor-container elementor-column-gap-default\">\n\t\t\t\t\t<div class=\"elementor-column elementor-col-100 elementor-top-column elementor-element elementor-element-8ad090e\" data-id=\"8ad090e\" data-element_type=\"column\" data-e-type=\"column\">\n\t\t\t<div class=\"elementor-widget-wrap elementor-element-populated\">\n\t\t\t\t\t\t<div class=\"elementor-element elementor-element-06ae4aa elementor-widget elementor-widget-heading\" data-id=\"06ae4aa\" data-element_type=\"widget\" data-e-type=\"widget\" data-widget_type=\"heading.default\">\n\t\t\t\t<div class=\"elementor-widget-container\">\n\t\t\t\t\t<h2 class=\"elementor-heading-title elementor-size-default\">L\u1ecbch Kinh T\u1ebf\n<\/h2>\t\t\t\t<\/div>\n\t\t\t\t<\/div>\n\t\t\t\t<div class=\"elementor-element elementor-element-97dbe27 elementor-widget elementor-widget-heading\" data-id=\"97dbe27\" data-element_type=\"widget\" data-e-type=\"widget\" data-widget_type=\"heading.default\">\n\t\t\t\t<div class=\"elementor-widget-container\">\n\t\t\t\t\t<h2 class=\"elementor-heading-title elementor-size-default\">La b\u00e0n th\u1ecb tr\u01b0\u1eddng c\u1ee7a b\u1ea1n<\/h2>\t\t\t\t<\/div>\n\t\t\t\t<\/div>\n\t\t\t\t<div class=\"elementor-element elementor-element-27aa537 elementor-widget elementor-widget-text-editor\" data-id=\"27aa537\" data-element_type=\"widget\" data-e-type=\"widget\" data-widget_type=\"text-editor.default\">\n\t\t\t\t<div class=\"elementor-widget-container\">\n\t\t\t\t\t\t\t\t\t\u0110\u01b0\u1ee3c thi\u1ebft k\u1ebf v\u1edbi c\u00e1c nh\u00e0 giao d\u1ecbch trong t\u00e2m tr\u00ed, L\u1ecbch Kinh T\u1ebf \u0111\u1ea3m b\u1ea3o b\u1ea1n kh\u00f4ng bao gi\u1edd b\u1ecf l\u1ee1 b\u1ea5t k\u1ef3 th\u00f4ng tin n\u00e0o. T\u1eeb c\u00e1c c\u00f4ng b\u1ed1 kinh t\u1ebf quan tr\u1ecdng \u0111\u1ebfn c\u00e1c s\u1ef1 ki\u1ec7n to\u00e0n c\u1ea7u, m\u1ecdi chi ti\u1ebft \u0111\u1ec1u \u0111\u01b0\u1ee3c c\u1eadp nh\u1eadt theo th\u1eddi gian th\u1ef1c \u0111\u1ec3 gi\u00fap b\u1ea1n lu\u00f4n th\u00f4ng tin v\u00e0 s\u1eb5n s\u00e0ng h\u00e0nh \u0111\u1ed9ng.\t\t\t\t\t\t\t\t<\/div>\n\t\t\t\t<\/div>\n\t\t\t\t\t<\/div>\n\t\t<\/div>\n\t\t\t\t\t<\/div>\n\t\t<\/section>\n\t\t\t\t<section class=\"elementor-section elementor-top-section elementor-element elementor-element-5c526c0 elementor-section-boxed elementor-section-height-default elementor-section-height-default\" data-id=\"5c526c0\" data-element_type=\"section\" data-e-type=\"section\">\n\t\t\t\t\t\t<div class=\"elementor-container elementor-column-gap-default\">\n\t\t\t\t\t<div class=\"elementor-column elementor-col-100 elementor-top-column elementor-element elementor-element-28a946f\" data-id=\"28a946f\" data-element_type=\"column\" data-e-type=\"column\">\n\t\t\t<div class=\"elementor-widget-wrap elementor-element-populated\">\n\t\t\t\t\t\t<div class=\"elementor-element elementor-element-89105a7 elementor-widget elementor-widget-html\" data-id=\"89105a7\" data-element_type=\"widget\" data-e-type=\"widget\" data-widget_type=\"html.default\">\n\t\t\t\t<div class=\"elementor-widget-container\">\n\t\t\t\t\t<iframe src=\"https:\/\/site.recognia.com\/windsorsolutions\/serve.shtml?page=economic_calendar_prelogin&amp;lang=vi\" width=\"100%\" height=\"1200\" frameborder=\"0\" scrolling=\"yes\"><\/iframe>\t\t\t\t<\/div>\n\t\t\t\t<\/div>\n\t\t\t\t\t<\/div>\n\t\t<\/div>\n\t\t\t\t\t<\/div>\n\t\t<\/section>\n\t\t\t\t<\/div>\n\t\t","protected":false},"excerpt":{"rendered":"<p>L\u1ecbch Kinh T\u1ebf La b\u00e0n th\u1ecb tr\u01b0\u1eddng c\u1ee7a b\u1ea1n \u0110\u01b0\u1ee3c thi\u1ebft k\u1ebf v\u1edbi c\u00e1c nh\u00e0 giao d\u1ecbch trong t\u00e2m tr\u00ed, L\u1ecbch Kinh T\u1ebf \u0111\u1ea3m b\u1ea3o b\u1ea1n kh\u00f4ng bao gi\u1edd b\u1ecf l\u1ee1 b\u1ea5t k\u1ef3 th\u00f4ng tin n\u00e0o. T\u1eeb c\u00e1c c\u00f4ng b\u1ed1 kinh t\u1ebf quan tr\u1ecdng \u0111\u1ebfn c\u00e1c s\u1ef1 ki\u1ec7n to\u00e0n c\u1ea7u, m\u1ecdi chi ti\u1ebft \u0111\u1ec1u \u0111\u01b0\u1ee3c [&hellip;]<\/p>\n","protected":false},"author":9,"featured_media":105340,"parent":110188,"menu_order":0,"comment_status":"closed","ping_status":"closed","template":"elementor_header_footer","meta":{"footnotes":""},"class_list":["post-109631","page","type-page","status-publish","has-post-thumbnail","hentry"],"yoast_head":"<!-- This site is optimized with the Yoast SEO plugin v27.3 - https:\/\/yoast.com\/product\/yoast-seo-wordpress\/ -->\n<title>L\u1ecbch Kinh T\u1ebf | Windsor Brokers<\/title>\n<meta name=\"description\" content=\"Theo d\u00f5i c\u00e1c s\u1ef1 ki\u1ec7n th\u1ecb tr\u01b0\u1eddng quan tr\u1ecdng v\u1edbi L\u1ecbch Kinh T\u1ebf c\u1ee7a Windsor Brokers. L\u1eadp k\u1ebf ho\u1ea1ch giao d\u1ecbch th\u00f4ng minh h\u01a1n v\u1edbi c\u00e1c c\u1eadp nh\u1eadt v\u00e0 d\u1ef1 b\u00e1o th\u1eddi gian th\u1ef1c.\" \/>\n<meta name=\"robots\" content=\"index, follow, max-snippet:-1, max-image-preview:large, max-video-preview:-1\" \/>\n<meta property=\"og:locale\" content=\"vi_VN\" \/>\n<meta property=\"og:type\" content=\"article\" \/>\n<meta property=\"og:title\" content=\"L\u1ecbch Kinh T\u1ebf | Windsor Brokers\" \/>\n<meta property=\"og:description\" content=\"Theo d\u00f5i c\u00e1c s\u1ef1 ki\u1ec7n th\u1ecb tr\u01b0\u1eddng quan tr\u1ecdng v\u1edbi L\u1ecbch Kinh T\u1ebf c\u1ee7a Windsor Brokers. L\u1eadp k\u1ebf ho\u1ea1ch giao d\u1ecbch th\u00f4ng minh h\u01a1n v\u1edbi c\u00e1c c\u1eadp nh\u1eadt v\u00e0 d\u1ef1 b\u00e1o th\u1eddi gian th\u1ef1c.\" \/>\n<meta property=\"og:url\" content=\"https:\/\/windsorbrokers.com\/vi\/economic-calendar\/\" \/>\n<meta property=\"og:site_name\" content=\"CFDs on FX, Stocks &amp; More\" \/>\n<meta property=\"article:modified_time\" content=\"2025-08-04T09:34:02+00:00\" \/>\n<meta property=\"og:image\" content=\"https:\/\/windsorbrokers.com\/wp-content\/uploads\/2025\/07\/Feature-Image-1.png\" \/>\n\t<meta property=\"og:image:width\" content=\"1200\" \/>\n\t<meta property=\"og:image:height\" content=\"630\" \/>\n\t<meta property=\"og:image:type\" content=\"image\/png\" \/>\n<meta name=\"twitter:card\" content=\"summary_large_image\" \/>\n<meta name=\"twitter:label1\" content=\"Est. reading time\" \/>\n\t<meta name=\"twitter:data1\" content=\"1 minute\" \/>\n<script type=\"application\/ld+json\" class=\"yoast-schema-graph\">{\"@context\":\"https:\\\/\\\/schema.org\",\"@graph\":[{\"@type\":\"WebPage\",\"@id\":\"https:\\\/\\\/windsorbrokers.com\\\/vi\\\/economic-calendar\\\/\",\"url\":\"https:\\\/\\\/windsorbrokers.com\\\/vi\\\/economic-calendar\\\/\",\"name\":\"L\u1ecbch Kinh T\u1ebf | Windsor Brokers\",\"isPartOf\":{\"@id\":\"https:\\\/\\\/windsorbrokers.com\\\/#website\"},\"primaryImageOfPage\":{\"@id\":\"https:\\\/\\\/windsorbrokers.com\\\/vi\\\/economic-calendar\\\/#primaryimage\"},\"image\":{\"@id\":\"https:\\\/\\\/windsorbrokers.com\\\/vi\\\/economic-calendar\\\/#primaryimage\"},\"thumbnailUrl\":\"https:\\\/\\\/windsorbrokers.com\\\/wp-content\\\/uploads\\\/2025\\\/07\\\/Feature-Image-1.png\",\"datePublished\":\"2025-05-27T12:58:51+00:00\",\"dateModified\":\"2025-08-04T09:34:02+00:00\",\"description\":\"Theo d\u00f5i c\u00e1c s\u1ef1 ki\u1ec7n th\u1ecb tr\u01b0\u1eddng quan tr\u1ecdng v\u1edbi L\u1ecbch Kinh T\u1ebf c\u1ee7a Windsor Brokers. L\u1eadp k\u1ebf ho\u1ea1ch giao d\u1ecbch th\u00f4ng minh h\u01a1n v\u1edbi c\u00e1c c\u1eadp nh\u1eadt v\u00e0 d\u1ef1 b\u00e1o th\u1eddi gian th\u1ef1c.\",\"breadcrumb\":{\"@id\":\"https:\\\/\\\/windsorbrokers.com\\\/vi\\\/economic-calendar\\\/#breadcrumb\"},\"inLanguage\":\"vi-VN\",\"potentialAction\":[{\"@type\":\"ReadAction\",\"target\":[\"https:\\\/\\\/windsorbrokers.com\\\/vi\\\/economic-calendar\\\/\"]}]},{\"@type\":\"ImageObject\",\"inLanguage\":\"vi-VN\",\"@id\":\"https:\\\/\\\/windsorbrokers.com\\\/vi\\\/economic-calendar\\\/#primaryimage\",\"url\":\"https:\\\/\\\/windsorbrokers.com\\\/wp-content\\\/uploads\\\/2025\\\/07\\\/Feature-Image-1.png\",\"contentUrl\":\"https:\\\/\\\/windsorbrokers.com\\\/wp-content\\\/uploads\\\/2025\\\/07\\\/Feature-Image-1.png\",\"width\":1200,\"height\":630},{\"@type\":\"BreadcrumbList\",\"@id\":\"https:\\\/\\\/windsorbrokers.com\\\/vi\\\/economic-calendar\\\/#breadcrumb\",\"itemListElement\":[{\"@type\":\"ListItem\",\"position\":1,\"name\":\"Home\",\"item\":\"https:\\\/\\\/windsorbrokers.com\\\/vi\\\/\"},{\"@type\":\"ListItem\",\"position\":2,\"name\":\"Economic Calendar\"}]},{\"@type\":\"WebSite\",\"@id\":\"https:\\\/\\\/windsorbrokers.com\\\/#website\",\"url\":\"https:\\\/\\\/windsorbrokers.com\\\/\",\"name\":\"CFDs on FX, Stocks & More\",\"description\":\"\",\"publisher\":{\"@id\":\"https:\\\/\\\/windsorbrokers.com\\\/#organization\"},\"potentialAction\":[{\"@type\":\"SearchAction\",\"target\":{\"@type\":\"EntryPoint\",\"urlTemplate\":\"https:\\\/\\\/windsorbrokers.com\\\/?s={search_term_string}\"},\"query-input\":{\"@type\":\"PropertyValueSpecification\",\"valueRequired\":true,\"valueName\":\"search_term_string\"}}],\"inLanguage\":\"vi-VN\"},{\"@type\":\"Organization\",\"@id\":\"https:\\\/\\\/windsorbrokers.com\\\/#organization\",\"name\":\"CFDs on FX, Stocks & More\",\"url\":\"https:\\\/\\\/windsorbrokers.com\\\/\",\"logo\":{\"@type\":\"ImageObject\",\"inLanguage\":\"vi-VN\",\"@id\":\"https:\\\/\\\/windsorbrokers.com\\\/#\\\/schema\\\/logo\\\/image\\\/\",\"url\":\"https:\\\/\\\/windsorbrokers.com\\\/wp-content\\\/uploads\\\/2022\\\/07\\\/WB-icon.png\",\"contentUrl\":\"https:\\\/\\\/windsorbrokers.com\\\/wp-content\\\/uploads\\\/2022\\\/07\\\/WB-icon.png\",\"width\":172,\"height\":116,\"caption\":\"CFDs on FX, Stocks & More\"},\"image\":{\"@id\":\"https:\\\/\\\/windsorbrokers.com\\\/#\\\/schema\\\/logo\\\/image\\\/\"}}]}<\/script>\n<!-- \/ Yoast SEO plugin. -->","yoast_head_json":{"title":"L\u1ecbch Kinh T\u1ebf | Windsor Brokers","description":"Theo d\u00f5i c\u00e1c s\u1ef1 ki\u1ec7n th\u1ecb tr\u01b0\u1eddng quan tr\u1ecdng v\u1edbi L\u1ecbch Kinh T\u1ebf c\u1ee7a Windsor Brokers. L\u1eadp k\u1ebf ho\u1ea1ch giao d\u1ecbch th\u00f4ng minh h\u01a1n v\u1edbi c\u00e1c c\u1eadp nh\u1eadt v\u00e0 d\u1ef1 b\u00e1o th\u1eddi gian th\u1ef1c.","robots":{"index":"index","follow":"follow","max-snippet":"max-snippet:-1","max-image-preview":"max-image-preview:large","max-video-preview":"max-video-preview:-1"},"og_locale":"vi_VN","og_type":"article","og_title":"L\u1ecbch Kinh T\u1ebf | Windsor Brokers","og_description":"Theo d\u00f5i c\u00e1c s\u1ef1 ki\u1ec7n th\u1ecb tr\u01b0\u1eddng quan tr\u1ecdng v\u1edbi L\u1ecbch Kinh T\u1ebf c\u1ee7a Windsor Brokers. L\u1eadp k\u1ebf ho\u1ea1ch giao d\u1ecbch th\u00f4ng minh h\u01a1n v\u1edbi c\u00e1c c\u1eadp nh\u1eadt v\u00e0 d\u1ef1 b\u00e1o th\u1eddi gian th\u1ef1c.","og_url":"https:\/\/windsorbrokers.com\/vi\/economic-calendar\/","og_site_name":"CFDs on FX, Stocks &amp; More","article_modified_time":"2025-08-04T09:34:02+00:00","og_image":[{"width":1200,"height":630,"url":"https:\/\/windsorbrokers.com\/wp-content\/uploads\/2025\/07\/Feature-Image-1.png","type":"image\/png"}],"twitter_card":"summary_large_image","twitter_misc":{"Est. reading time":"1 minute"},"schema":{"@context":"https:\/\/schema.org","@graph":[{"@type":"WebPage","@id":"https:\/\/windsorbrokers.com\/vi\/economic-calendar\/","url":"https:\/\/windsorbrokers.com\/vi\/economic-calendar\/","name":"L\u1ecbch Kinh T\u1ebf | Windsor Brokers","isPartOf":{"@id":"https:\/\/windsorbrokers.com\/#website"},"primaryImageOfPage":{"@id":"https:\/\/windsorbrokers.com\/vi\/economic-calendar\/#primaryimage"},"image":{"@id":"https:\/\/windsorbrokers.com\/vi\/economic-calendar\/#primaryimage"},"thumbnailUrl":"https:\/\/windsorbrokers.com\/wp-content\/uploads\/2025\/07\/Feature-Image-1.png","datePublished":"2025-05-27T12:58:51+00:00","dateModified":"2025-08-04T09:34:02+00:00","description":"Theo d\u00f5i c\u00e1c s\u1ef1 ki\u1ec7n th\u1ecb tr\u01b0\u1eddng quan tr\u1ecdng v\u1edbi L\u1ecbch Kinh T\u1ebf c\u1ee7a Windsor Brokers. L\u1eadp k\u1ebf ho\u1ea1ch giao d\u1ecbch th\u00f4ng minh h\u01a1n v\u1edbi c\u00e1c c\u1eadp nh\u1eadt v\u00e0 d\u1ef1 b\u00e1o th\u1eddi gian th\u1ef1c.","breadcrumb":{"@id":"https:\/\/windsorbrokers.com\/vi\/economic-calendar\/#breadcrumb"},"inLanguage":"vi-VN","potentialAction":[{"@type":"ReadAction","target":["https:\/\/windsorbrokers.com\/vi\/economic-calendar\/"]}]},{"@type":"ImageObject","inLanguage":"vi-VN","@id":"https:\/\/windsorbrokers.com\/vi\/economic-calendar\/#primaryimage","url":"https:\/\/windsorbrokers.com\/wp-content\/uploads\/2025\/07\/Feature-Image-1.png","contentUrl":"https:\/\/windsorbrokers.com\/wp-content\/uploads\/2025\/07\/Feature-Image-1.png","width":1200,"height":630},{"@type":"BreadcrumbList","@id":"https:\/\/windsorbrokers.com\/vi\/economic-calendar\/#breadcrumb","itemListElement":[{"@type":"ListItem","position":1,"name":"Home","item":"https:\/\/windsorbrokers.com\/vi\/"},{"@type":"ListItem","position":2,"name":"Economic Calendar"}]},{"@type":"WebSite","@id":"https:\/\/windsorbrokers.com\/#website","url":"https:\/\/windsorbrokers.com\/","name":"CFDs on FX, Stocks & More","description":"","publisher":{"@id":"https:\/\/windsorbrokers.com\/#organization"},"potentialAction":[{"@type":"SearchAction","target":{"@type":"EntryPoint","urlTemplate":"https:\/\/windsorbrokers.com\/?s={search_term_string}"},"query-input":{"@type":"PropertyValueSpecification","valueRequired":true,"valueName":"search_term_string"}}],"inLanguage":"vi-VN"},{"@type":"Organization","@id":"https:\/\/windsorbrokers.com\/#organization","name":"CFDs on FX, Stocks & More","url":"https:\/\/windsorbrokers.com\/","logo":{"@type":"ImageObject","inLanguage":"vi-VN","@id":"https:\/\/windsorbrokers.com\/#\/schema\/logo\/image\/","url":"https:\/\/windsorbrokers.com\/wp-content\/uploads\/2022\/07\/WB-icon.png","contentUrl":"https:\/\/windsorbrokers.com\/wp-content\/uploads\/2022\/07\/WB-icon.png","width":172,"height":116,"caption":"CFDs on FX, Stocks & More"},"image":{"@id":"https:\/\/windsorbrokers.com\/#\/schema\/logo\/image\/"}}]}},"_links":{"self":[{"href":"https:\/\/windsorbrokers.com\/vi\/wp-json\/wp\/v2\/pages\/109631","targetHints":{"allow":["GET"]}}],"collection":[{"href":"https:\/\/windsorbrokers.com\/vi\/wp-json\/wp\/v2\/pages"}],"about":[{"href":"https:\/\/windsorbrokers.com\/vi\/wp-json\/wp\/v2\/types\/page"}],"author":[{"embeddable":true,"href":"https:\/\/windsorbrokers.com\/vi\/wp-json\/wp\/v2\/users\/9"}],"replies":[{"embeddable":true,"href":"https:\/\/windsorbrokers.com\/vi\/wp-json\/wp\/v2\/comments?post=109631"}],"version-history":[{"count":0,"href":"https:\/\/windsorbrokers.com\/vi\/wp-json\/wp\/v2\/pages\/109631\/revisions"}],"up":[{"embeddable":true,"href":"https:\/\/windsorbrokers.com\/vi\/wp-json\/wp\/v2\/pages\/110188"}],"wp:featuredmedia":[{"embeddable":true,"href":"https:\/\/windsorbrokers.com\/vi\/wp-json\/wp\/v2\/media\/105340"}],"wp:attachment":[{"href":"https:\/\/windsorbrokers.com\/vi\/wp-json\/wp\/v2\/media?parent=109631"}],"curies":[{"name":"wp","href":"https:\/\/api.w.org\/{rel}","templated":true}]}}