{"id":109711,"date":"2025-05-27T13:10:37","date_gmt":"2025-05-27T13:10:37","guid":{"rendered":"https:\/\/windsorbrokers.com\/?page_id=109711"},"modified":"2026-03-31T06:40:42","modified_gmt":"2026-03-31T06:40:42","slug":"market-holidays","status":"publish","type":"page","link":"https:\/\/windsorbrokers.com\/es\/tools\/market-holidays\/","title":{"rendered":"Market Holidays"},"content":{"rendered":"\t\t<div data-elementor-type=\"wp-page\" data-elementor-id=\"109711\" class=\"elementor elementor-109711 elementor-70049\" data-elementor-settings=\"{&quot;element_pack_global_tooltip_width&quot;:{&quot;unit&quot;:&quot;px&quot;,&quot;size&quot;:&quot;&quot;,&quot;sizes&quot;:[]},&quot;element_pack_global_tooltip_width_widescreen&quot;:{&quot;unit&quot;:&quot;px&quot;,&quot;size&quot;:&quot;&quot;,&quot;sizes&quot;:[]},&quot;element_pack_global_tooltip_width_laptop&quot;:{&quot;unit&quot;:&quot;px&quot;,&quot;size&quot;:&quot;&quot;,&quot;sizes&quot;:[]},&quot;element_pack_global_tooltip_width_tablet&quot;:{&quot;unit&quot;:&quot;px&quot;,&quot;size&quot;:&quot;&quot;,&quot;sizes&quot;:[]},&quot;element_pack_global_tooltip_width_mobile&quot;:{&quot;unit&quot;:&quot;px&quot;,&quot;size&quot;:&quot;&quot;,&quot;sizes&quot;:[]},&quot;element_pack_global_tooltip_padding&quot;:{&quot;unit&quot;:&quot;px&quot;,&quot;top&quot;:&quot;&quot;,&quot;right&quot;:&quot;&quot;,&quot;bottom&quot;:&quot;&quot;,&quot;left&quot;:&quot;&quot;,&quot;isLinked&quot;:true},&quot;element_pack_global_tooltip_padding_widescreen&quot;:{&quot;unit&quot;:&quot;px&quot;,&quot;top&quot;:&quot;&quot;,&quot;right&quot;:&quot;&quot;,&quot;bottom&quot;:&quot;&quot;,&quot;left&quot;:&quot;&quot;,&quot;isLinked&quot;:true},&quot;element_pack_global_tooltip_padding_laptop&quot;:{&quot;unit&quot;:&quot;px&quot;,&quot;top&quot;:&quot;&quot;,&quot;right&quot;:&quot;&quot;,&quot;bottom&quot;:&quot;&quot;,&quot;left&quot;:&quot;&quot;,&quot;isLinked&quot;:true},&quot;element_pack_global_tooltip_padding_tablet&quot;:{&quot;unit&quot;:&quot;px&quot;,&quot;top&quot;:&quot;&quot;,&quot;right&quot;:&quot;&quot;,&quot;bottom&quot;:&quot;&quot;,&quot;left&quot;:&quot;&quot;,&quot;isLinked&quot;:true},&quot;element_pack_global_tooltip_padding_mobile&quot;:{&quot;unit&quot;:&quot;px&quot;,&quot;top&quot;:&quot;&quot;,&quot;right&quot;:&quot;&quot;,&quot;bottom&quot;:&quot;&quot;,&quot;left&quot;:&quot;&quot;,&quot;isLinked&quot;:true},&quot;element_pack_global_tooltip_border_radius&quot;:{&quot;unit&quot;:&quot;px&quot;,&quot;top&quot;:&quot;&quot;,&quot;right&quot;:&quot;&quot;,&quot;bottom&quot;:&quot;&quot;,&quot;left&quot;:&quot;&quot;,&quot;isLinked&quot;:true},&quot;element_pack_global_tooltip_border_radius_widescreen&quot;:{&quot;unit&quot;:&quot;px&quot;,&quot;top&quot;:&quot;&quot;,&quot;right&quot;:&quot;&quot;,&quot;bottom&quot;:&quot;&quot;,&quot;left&quot;:&quot;&quot;,&quot;isLinked&quot;:true},&quot;element_pack_global_tooltip_border_radius_laptop&quot;:{&quot;unit&quot;:&quot;px&quot;,&quot;top&quot;:&quot;&quot;,&quot;right&quot;:&quot;&quot;,&quot;bottom&quot;:&quot;&quot;,&quot;left&quot;:&quot;&quot;,&quot;isLinked&quot;:true},&quot;element_pack_global_tooltip_border_radius_tablet&quot;:{&quot;unit&quot;:&quot;px&quot;,&quot;top&quot;:&quot;&quot;,&quot;right&quot;:&quot;&quot;,&quot;bottom&quot;:&quot;&quot;,&quot;left&quot;:&quot;&quot;,&quot;isLinked&quot;:true},&quot;element_pack_global_tooltip_border_radius_mobile&quot;:{&quot;unit&quot;:&quot;px&quot;,&quot;top&quot;:&quot;&quot;,&quot;right&quot;:&quot;&quot;,&quot;bottom&quot;:&quot;&quot;,&quot;left&quot;:&quot;&quot;,&quot;isLinked&quot;:true}}\" data-elementor-post-type=\"page\">\n\t\t\t\t\t\t<section class=\"elementor-section elementor-top-section elementor-element elementor-element-8098061 elementor-section-boxed elementor-section-height-default elementor-section-height-default\" data-id=\"8098061\" data-element_type=\"section\" data-e-type=\"section\">\n\t\t\t\t\t\t<div class=\"elementor-container elementor-column-gap-default\">\n\t\t\t\t\t<div class=\"elementor-column elementor-col-100 elementor-top-column elementor-element elementor-element-b6d90ad\" data-id=\"b6d90ad\" data-element_type=\"column\" data-e-type=\"column\">\n\t\t\t<div class=\"elementor-widget-wrap elementor-element-populated\">\n\t\t\t\t\t\t<div class=\"elementor-element elementor-element-2e610f2 elementor-widget elementor-widget-heading\" data-id=\"2e610f2\" data-element_type=\"widget\" data-e-type=\"widget\" data-widget_type=\"heading.default\">\n\t\t\t\t<div class=\"elementor-widget-container\">\n\t\t\t\t\t<h2 class=\"elementor-heading-title elementor-size-default\">Tu gu\u00eda de trading en d\u00edas festivos 2026<\/h2>\t\t\t\t<\/div>\n\t\t\t\t<\/div>\n\t\t\t\t<div class=\"elementor-element elementor-element-a3f6973 elementor-widget elementor-widget-text-editor\" data-id=\"a3f6973\" data-element_type=\"widget\" data-e-type=\"widget\" data-widget_type=\"text-editor.default\">\n\t\t\t\t<div class=\"elementor-widget-container\">\n\t\t\t\t\t\t\t\t\tSigue los d\u00edas festivos del mercado global y planea tus operaciones de forma eficiente con nuestra informaci\u00f3n actualizada.\t\t\t\t\t\t\t\t<\/div>\n\t\t\t\t<\/div>\n\t\t\t\t\t<\/div>\n\t\t<\/div>\n\t\t\t\t\t<\/div>\n\t\t<\/section>\n\t\t\t\t<section class=\"elementor-section elementor-top-section elementor-element elementor-element-2b34c37 elementor-hidden-widescreen elementor-hidden-desktop elementor-hidden-laptop elementor-hidden-tablet elementor-hidden-mobile elementor-section-boxed elementor-section-height-default elementor-section-height-default\" data-id=\"2b34c37\" data-element_type=\"section\" data-e-type=\"section\">\n\t\t\t\t\t\t<div class=\"elementor-container elementor-column-gap-default\">\n\t\t\t\t\t<div class=\"elementor-column elementor-col-100 elementor-top-column elementor-element elementor-element-8495eb3\" data-id=\"8495eb3\" data-element_type=\"column\" data-e-type=\"column\">\n\t\t\t<div class=\"elementor-widget-wrap elementor-element-populated\">\n\t\t\t\t\t\t<div class=\"elementor-element elementor-element-477afc1 elementor-widget elementor-widget-heading\" data-id=\"477afc1\" data-element_type=\"widget\" data-e-type=\"widget\" data-widget_type=\"heading.default\">\n\t\t\t\t<div class=\"elementor-widget-container\">\n\t\t\t\t\t<h2 class=\"elementor-heading-title elementor-size-default\">Calendario de Trading \u2013 Horario de Verano<\/h2>\t\t\t\t<\/div>\n\t\t\t\t<\/div>\n\t\t\t\t\t<\/div>\n\t\t<\/div>\n\t\t\t\t\t<\/div>\n\t\t<\/section>\n\t\t\t\t<section class=\"elementor-section elementor-top-section elementor-element elementor-element-2b57a5d elementor-section-boxed elementor-section-height-default elementor-section-height-default\" data-id=\"2b57a5d\" data-element_type=\"section\" data-e-type=\"section\">\n\t\t\t\t\t\t<div class=\"elementor-container elementor-column-gap-default\">\n\t\t\t\t\t<div class=\"elementor-column elementor-col-100 elementor-top-column elementor-element elementor-element-9bbb606\" data-id=\"9bbb606\" data-element_type=\"column\" data-e-type=\"column\" data-settings=\"{&quot;background_background&quot;:&quot;gradient&quot;}\">\n\t\t\t<div class=\"elementor-widget-wrap elementor-element-populated\">\n\t\t\t\t\t\t<div class=\"elementor-element elementor-element-ed4136d market_holiday_board elementor-widget elementor-widget-html\" data-id=\"ed4136d\" data-element_type=\"widget\" data-e-type=\"widget\" data-widget_type=\"html.default\">\n\t\t\t\t<div class=\"elementor-widget-container\">\n\t\t\t\t\t<div class=\"gswpts_tables_container gswpts_table_74\" id=\"74\" data-nonce=\"5b81923bdd\" data-ai-summary=\"false\" data-summary-source=\"generate_on_click\" data-summary-display=\"always_show\"><div class=\"gswpts_tables_content\">\n\t\t\t<div class=\"ui segment gswpts_table_loader\">\n\t\t\t\t<div class=\"ui active inverted dimmer\">\n\t\t\t\t\t<div class=\"ui large text loader\">Cargando<\/div>\n\t\t\t\t<\/div>\n\t\t\t\t<p><\/p>\n\t\t\t\t<p><\/p>\n\t\t\t\t<p><\/p>\n\t\t\t<\/div>\n\t\t<\/div><\/div><br><br>\t\t\t\t<\/div>\n\t\t\t\t<\/div>\n\t\t\t\t\t<\/div>\n\t\t<\/div>\n\t\t\t\t\t<\/div>\n\t\t<\/section>\n\t\t\t\t<section class=\"elementor-section elementor-top-section elementor-element elementor-element-a12d211 elementor-hidden-widescreen elementor-hidden-desktop elementor-hidden-laptop elementor-hidden-tablet elementor-hidden-mobile elementor-section-boxed elementor-section-height-default elementor-section-height-default\" data-id=\"a12d211\" data-element_type=\"section\" data-e-type=\"section\">\n\t\t\t\t\t\t<div class=\"elementor-container elementor-column-gap-default\">\n\t\t\t\t\t<div class=\"elementor-column elementor-col-100 elementor-top-column elementor-element elementor-element-1ee56ab\" data-id=\"1ee56ab\" data-element_type=\"column\" data-e-type=\"column\">\n\t\t\t<div class=\"elementor-widget-wrap elementor-element-populated\">\n\t\t\t\t\t\t<div class=\"elementor-element elementor-element-d649475 elementor-widget elementor-widget-heading\" data-id=\"d649475\" data-element_type=\"widget\" data-e-type=\"widget\" data-widget_type=\"heading.default\">\n\t\t\t\t<div class=\"elementor-widget-container\">\n\t\t\t\t\t<h2 class=\"elementor-heading-title elementor-size-default\">Los horarios de mercado han vuelto a la normalidad\n<\/h2>\t\t\t\t<\/div>\n\t\t\t\t<\/div>\n\t\t\t\t<div class=\"elementor-element elementor-element-82acb05 elementor-widget elementor-widget-text-editor\" data-id=\"82acb05\" data-element_type=\"widget\" data-e-type=\"widget\" data-widget_type=\"text-editor.default\">\n\t\t\t\t<div class=\"elementor-widget-container\">\n\t\t\t\t\t\t\t\t\t<p style=\"text-align: center;\">Consulta la p\u00e1gina de <a href=\"\/es\/products\/\">Vista General de Activos<\/a> para conocer los horarios habituales del mercado en todas las clases de activos.<\/p>\t\t\t\t\t\t\t\t<\/div>\n\t\t\t\t<\/div>\n\t\t\t\t<div class=\"elementor-element elementor-element-fbdea64 elementor-align-center elementor-widget__width-inherit brand_prmr_btn elementor-widget elementor-widget-bdt-advanced-button\" data-id=\"fbdea64\" data-element_type=\"widget\" data-e-type=\"widget\" data-widget_type=\"bdt-advanced-button.default\">\n\t\t\t\t<div class=\"elementor-widget-container\">\n\t\t\t\t\t\t\t<div class=\"bdt-ep-button-wrapper\">\n\t\t\t<a href=\"\/es\/products\/\" class=\"bdt-ep-button bdt-ep-button-effect-b bdt-ep-button-size-sm elementor-animation-grow\">\n\t\t\t\t\t\t<div class=\"bdt-ep-button-content-wrapper bdt-flex bdt-flex-middle bdt-flex-center\" data-text=\"Ver todos los activos\">\n\t\t\t\t\t\t\t<div class=\"bdt-ep-button-icon bdt-flex-center bdt-flex-align-right\">\n\t\t\t\t\t<div class=\"bdt-ep-button-icon-inner\">\n\n\t\t\t\t\t\t<svg xmlns=\"http:\/\/www.w3.org\/2000\/svg\" width=\"20\" height=\"20\" viewBox=\"0 0 20 20\" fill=\"none\"><path d=\"M10.0007 3.33325L8.82565 4.50825L13.4757 9.16658H3.33398V10.8333H13.4757L8.82565 15.4916L10.0007 16.6666L16.6673 9.99992L10.0007 3.33325Z\" fill=\"white\"><\/path><\/svg>\n\t\t\t\t\t<\/div>\n\t\t\t\t<\/div>\n\t\t\t\n\t\t\t<div class=\"bdt-ep-button-text\">\n\n\t\t\t\t<span class=\"avdbtn-text\">\n\t\t\t\t\tVer todos los activos\t\t\t\t<\/span>\n\n\t\t\t\t\t\t\t<\/div>\n\n\t\t\t\n\t\t<\/div>\n\t\t\t\t\t<\/a>\n\t\t<\/div>\n\t\t\t\t\t\t<\/div>\n\t\t\t\t<\/div>\n\t\t\t\t\t<\/div>\n\t\t<\/div>\n\t\t\t\t\t<\/div>\n\t\t<\/section>\n\t\t\t\t<section class=\"elementor-section elementor-top-section elementor-element elementor-element-90217b1 elementor-section-boxed elementor-section-height-default elementor-section-height-default\" data-id=\"90217b1\" data-element_type=\"section\" data-e-type=\"section\">\n\t\t\t\t\t\t<div class=\"elementor-container elementor-column-gap-default\">\n\t\t\t\t\t<div class=\"elementor-column elementor-col-100 elementor-top-column elementor-element elementor-element-ca0ab36\" data-id=\"ca0ab36\" data-element_type=\"column\" data-e-type=\"column\">\n\t\t\t<div class=\"elementor-widget-wrap elementor-element-populated\">\n\t\t\t\t\t\t<div class=\"elementor-element elementor-element-93f6e64 elementor-widget elementor-widget-text-editor\" data-id=\"93f6e64\" data-element_type=\"widget\" data-e-type=\"widget\" data-widget_type=\"text-editor.default\">\n\t\t\t\t<div class=\"elementor-widget-container\">\n\t\t\t\t\t\t\t\t\t<p><strong>Nota importante:<\/strong> El horario est\u00e1 sujeto a cambios. Windsor Brokers se reserva el derecho de actuar conforme a las condiciones del mercado y puede, sin previo aviso, ajustar los requisitos de margen, habilitar el modo \u00abSolo Cierre\u00bb o suspender el trading de instrumentos financieros que puedan verse afectados, si as\u00ed lo considera necesario.<br \/><br \/>Te recomendamos encarecidamente tener especial precauci\u00f3n al operar durante d\u00edas festivos del mercado, periodos de alta volatilidad por eventos extraordinarios o momentos de menor o mayor liquidez, ya que estas condiciones pueden provocar spreads m\u00e1s amplios y\/o gaps en los precios.<\/p>\t\t\t\t\t\t\t\t<\/div>\n\t\t\t\t<\/div>\n\t\t\t\t\t<\/div>\n\t\t<\/div>\n\t\t\t\t\t<\/div>\n\t\t<\/section>\n\t\t\t\t<\/div>\n\t\t","protected":false},"excerpt":{"rendered":"<p>Tu gu\u00eda de trading en d\u00edas festivos 2026 Sigue los d\u00edas festivos del mercado global y planea tus operaciones de forma eficiente con nuestra informaci\u00f3n actualizada. Calendario de Trading \u2013 Horario de Verano Los horarios de mercado han vuelto a la normalidad Consulta la p\u00e1gina de Vista General de Activos para conocer los horarios habituales [&hellip;]<\/p>\n","protected":false},"author":9,"featured_media":105338,"parent":110209,"menu_order":0,"comment_status":"closed","ping_status":"closed","template":"elementor_header_footer","meta":{"footnotes":""},"class_list":["post-109711","page","type-page","status-publish","has-post-thumbnail","hentry"],"yoast_head":"<!-- This site is optimized with the Yoast SEO plugin v27.3 - https:\/\/yoast.com\/product\/yoast-seo-wordpress\/ -->\n<title>D\u00edas festivos del mercado | Windsor Brokers<\/title>\n<meta name=\"description\" content=\"Mantente informado con la p\u00e1gina de D\u00edas Festivos del Mercado de Windsor Brokers. Planea tus operaciones considerando los cierres y horarios del mercado global.\" \/>\n<meta name=\"robots\" content=\"index, follow, max-snippet:-1, max-image-preview:large, max-video-preview:-1\" \/>\n<meta property=\"og:locale\" content=\"es_ES\" \/>\n<meta property=\"og:type\" content=\"article\" \/>\n<meta property=\"og:title\" content=\"D\u00edas festivos del mercado | Windsor Brokers\" \/>\n<meta property=\"og:description\" content=\"Mantente informado con la p\u00e1gina de D\u00edas Festivos del Mercado de Windsor Brokers. Planea tus operaciones considerando los cierres y horarios del mercado global.\" \/>\n<meta property=\"og:url\" content=\"https:\/\/windsorbrokers.com\/es\/tools\/market-holidays\/\" \/>\n<meta property=\"og:site_name\" content=\"CFDs on FX, Stocks &amp; More\" \/>\n<meta property=\"article:modified_time\" content=\"2026-03-31T06:40:42+00:00\" \/>\n<meta property=\"og:image\" content=\"https:\/\/windsorbrokers.com\/wp-content\/uploads\/2025\/07\/Feature-Image-1.png\" \/>\n\t<meta property=\"og:image:width\" content=\"1200\" \/>\n\t<meta property=\"og:image:height\" content=\"630\" \/>\n\t<meta property=\"og:image:type\" content=\"image\/png\" \/>\n<meta name=\"twitter:card\" content=\"summary_large_image\" \/>\n<meta name=\"twitter:label1\" content=\"Tiempo de lectura\" \/>\n\t<meta name=\"twitter:data1\" content=\"1 minuto\" \/>\n<script type=\"application\/ld+json\" class=\"yoast-schema-graph\">{\"@context\":\"https:\\\/\\\/schema.org\",\"@graph\":[{\"@type\":\"WebPage\",\"@id\":\"https:\\\/\\\/windsorbrokers.com\\\/es\\\/tools\\\/market-holidays\\\/\",\"url\":\"https:\\\/\\\/windsorbrokers.com\\\/es\\\/tools\\\/market-holidays\\\/\",\"name\":\"D\u00edas festivos del mercado | Windsor Brokers\",\"isPartOf\":{\"@id\":\"https:\\\/\\\/windsorbrokers.com\\\/#website\"},\"primaryImageOfPage\":{\"@id\":\"https:\\\/\\\/windsorbrokers.com\\\/es\\\/tools\\\/market-holidays\\\/#primaryimage\"},\"image\":{\"@id\":\"https:\\\/\\\/windsorbrokers.com\\\/es\\\/tools\\\/market-holidays\\\/#primaryimage\"},\"thumbnailUrl\":\"https:\\\/\\\/windsorbrokers.com\\\/wp-content\\\/uploads\\\/2025\\\/07\\\/Feature-Image-1.png\",\"datePublished\":\"2025-05-27T13:10:37+00:00\",\"dateModified\":\"2026-03-31T06:40:42+00:00\",\"description\":\"Mantente informado con la p\u00e1gina de D\u00edas Festivos del Mercado de Windsor Brokers. Planea tus operaciones considerando los cierres y horarios del mercado global.\",\"breadcrumb\":{\"@id\":\"https:\\\/\\\/windsorbrokers.com\\\/es\\\/tools\\\/market-holidays\\\/#breadcrumb\"},\"inLanguage\":\"es\",\"potentialAction\":[{\"@type\":\"ReadAction\",\"target\":[\"https:\\\/\\\/windsorbrokers.com\\\/es\\\/tools\\\/market-holidays\\\/\"]}]},{\"@type\":\"ImageObject\",\"inLanguage\":\"es\",\"@id\":\"https:\\\/\\\/windsorbrokers.com\\\/es\\\/tools\\\/market-holidays\\\/#primaryimage\",\"url\":\"https:\\\/\\\/windsorbrokers.com\\\/wp-content\\\/uploads\\\/2025\\\/07\\\/Feature-Image-1.png\",\"contentUrl\":\"https:\\\/\\\/windsorbrokers.com\\\/wp-content\\\/uploads\\\/2025\\\/07\\\/Feature-Image-1.png\",\"width\":1200,\"height\":630},{\"@type\":\"BreadcrumbList\",\"@id\":\"https:\\\/\\\/windsorbrokers.com\\\/es\\\/tools\\\/market-holidays\\\/#breadcrumb\",\"itemListElement\":[{\"@type\":\"ListItem\",\"position\":1,\"name\":\"Home\",\"item\":\"https:\\\/\\\/windsorbrokers.com\\\/es\\\/\"},{\"@type\":\"ListItem\",\"position\":2,\"name\":\"Tools\",\"item\":\"https:\\\/\\\/windsorbrokers.com\\\/es\\\/tools\\\/\"},{\"@type\":\"ListItem\",\"position\":3,\"name\":\"Market Holidays\"}]},{\"@type\":\"WebSite\",\"@id\":\"https:\\\/\\\/windsorbrokers.com\\\/#website\",\"url\":\"https:\\\/\\\/windsorbrokers.com\\\/\",\"name\":\"CFDs on FX, Stocks & More\",\"description\":\"\",\"publisher\":{\"@id\":\"https:\\\/\\\/windsorbrokers.com\\\/#organization\"},\"potentialAction\":[{\"@type\":\"SearchAction\",\"target\":{\"@type\":\"EntryPoint\",\"urlTemplate\":\"https:\\\/\\\/windsorbrokers.com\\\/?s={search_term_string}\"},\"query-input\":{\"@type\":\"PropertyValueSpecification\",\"valueRequired\":true,\"valueName\":\"search_term_string\"}}],\"inLanguage\":\"es\"},{\"@type\":\"Organization\",\"@id\":\"https:\\\/\\\/windsorbrokers.com\\\/#organization\",\"name\":\"CFDs on FX, Stocks & More\",\"url\":\"https:\\\/\\\/windsorbrokers.com\\\/\",\"logo\":{\"@type\":\"ImageObject\",\"inLanguage\":\"es\",\"@id\":\"https:\\\/\\\/windsorbrokers.com\\\/#\\\/schema\\\/logo\\\/image\\\/\",\"url\":\"https:\\\/\\\/windsorbrokers.com\\\/wp-content\\\/uploads\\\/2022\\\/07\\\/WB-icon.png\",\"contentUrl\":\"https:\\\/\\\/windsorbrokers.com\\\/wp-content\\\/uploads\\\/2022\\\/07\\\/WB-icon.png\",\"width\":172,\"height\":116,\"caption\":\"CFDs on FX, Stocks & More\"},\"image\":{\"@id\":\"https:\\\/\\\/windsorbrokers.com\\\/#\\\/schema\\\/logo\\\/image\\\/\"}}]}<\/script>\n<!-- \/ Yoast SEO plugin. -->","yoast_head_json":{"title":"D\u00edas festivos del mercado | Windsor Brokers","description":"Mantente informado con la p\u00e1gina de D\u00edas Festivos del Mercado de Windsor Brokers. Planea tus operaciones considerando los cierres y horarios del mercado global.","robots":{"index":"index","follow":"follow","max-snippet":"max-snippet:-1","max-image-preview":"max-image-preview:large","max-video-preview":"max-video-preview:-1"},"og_locale":"es_ES","og_type":"article","og_title":"D\u00edas festivos del mercado | Windsor Brokers","og_description":"Mantente informado con la p\u00e1gina de D\u00edas Festivos del Mercado de Windsor Brokers. Planea tus operaciones considerando los cierres y horarios del mercado global.","og_url":"https:\/\/windsorbrokers.com\/es\/tools\/market-holidays\/","og_site_name":"CFDs on FX, Stocks &amp; More","article_modified_time":"2026-03-31T06:40:42+00:00","og_image":[{"width":1200,"height":630,"url":"https:\/\/windsorbrokers.com\/wp-content\/uploads\/2025\/07\/Feature-Image-1.png","type":"image\/png"}],"twitter_card":"summary_large_image","twitter_misc":{"Tiempo de lectura":"1 minuto"},"schema":{"@context":"https:\/\/schema.org","@graph":[{"@type":"WebPage","@id":"https:\/\/windsorbrokers.com\/es\/tools\/market-holidays\/","url":"https:\/\/windsorbrokers.com\/es\/tools\/market-holidays\/","name":"D\u00edas festivos del mercado | Windsor Brokers","isPartOf":{"@id":"https:\/\/windsorbrokers.com\/#website"},"primaryImageOfPage":{"@id":"https:\/\/windsorbrokers.com\/es\/tools\/market-holidays\/#primaryimage"},"image":{"@id":"https:\/\/windsorbrokers.com\/es\/tools\/market-holidays\/#primaryimage"},"thumbnailUrl":"https:\/\/windsorbrokers.com\/wp-content\/uploads\/2025\/07\/Feature-Image-1.png","datePublished":"2025-05-27T13:10:37+00:00","dateModified":"2026-03-31T06:40:42+00:00","description":"Mantente informado con la p\u00e1gina de D\u00edas Festivos del Mercado de Windsor Brokers. Planea tus operaciones considerando los cierres y horarios del mercado global.","breadcrumb":{"@id":"https:\/\/windsorbrokers.com\/es\/tools\/market-holidays\/#breadcrumb"},"inLanguage":"es","potentialAction":[{"@type":"ReadAction","target":["https:\/\/windsorbrokers.com\/es\/tools\/market-holidays\/"]}]},{"@type":"ImageObject","inLanguage":"es","@id":"https:\/\/windsorbrokers.com\/es\/tools\/market-holidays\/#primaryimage","url":"https:\/\/windsorbrokers.com\/wp-content\/uploads\/2025\/07\/Feature-Image-1.png","contentUrl":"https:\/\/windsorbrokers.com\/wp-content\/uploads\/2025\/07\/Feature-Image-1.png","width":1200,"height":630},{"@type":"BreadcrumbList","@id":"https:\/\/windsorbrokers.com\/es\/tools\/market-holidays\/#breadcrumb","itemListElement":[{"@type":"ListItem","position":1,"name":"Home","item":"https:\/\/windsorbrokers.com\/es\/"},{"@type":"ListItem","position":2,"name":"Tools","item":"https:\/\/windsorbrokers.com\/es\/tools\/"},{"@type":"ListItem","position":3,"name":"Market Holidays"}]},{"@type":"WebSite","@id":"https:\/\/windsorbrokers.com\/#website","url":"https:\/\/windsorbrokers.com\/","name":"CFDs on FX, Stocks & More","description":"","publisher":{"@id":"https:\/\/windsorbrokers.com\/#organization"},"potentialAction":[{"@type":"SearchAction","target":{"@type":"EntryPoint","urlTemplate":"https:\/\/windsorbrokers.com\/?s={search_term_string}"},"query-input":{"@type":"PropertyValueSpecification","valueRequired":true,"valueName":"search_term_string"}}],"inLanguage":"es"},{"@type":"Organization","@id":"https:\/\/windsorbrokers.com\/#organization","name":"CFDs on FX, Stocks & More","url":"https:\/\/windsorbrokers.com\/","logo":{"@type":"ImageObject","inLanguage":"es","@id":"https:\/\/windsorbrokers.com\/#\/schema\/logo\/image\/","url":"https:\/\/windsorbrokers.com\/wp-content\/uploads\/2022\/07\/WB-icon.png","contentUrl":"https:\/\/windsorbrokers.com\/wp-content\/uploads\/2022\/07\/WB-icon.png","width":172,"height":116,"caption":"CFDs on FX, Stocks & More"},"image":{"@id":"https:\/\/windsorbrokers.com\/#\/schema\/logo\/image\/"}}]}},"_links":{"self":[{"href":"https:\/\/windsorbrokers.com\/es\/wp-json\/wp\/v2\/pages\/109711","targetHints":{"allow":["GET"]}}],"collection":[{"href":"https:\/\/windsorbrokers.com\/es\/wp-json\/wp\/v2\/pages"}],"about":[{"href":"https:\/\/windsorbrokers.com\/es\/wp-json\/wp\/v2\/types\/page"}],"author":[{"embeddable":true,"href":"https:\/\/windsorbrokers.com\/es\/wp-json\/wp\/v2\/users\/9"}],"replies":[{"embeddable":true,"href":"https:\/\/windsorbrokers.com\/es\/wp-json\/wp\/v2\/comments?post=109711"}],"version-history":[{"count":5,"href":"https:\/\/windsorbrokers.com\/es\/wp-json\/wp\/v2\/pages\/109711\/revisions"}],"predecessor-version":[{"id":127096,"href":"https:\/\/windsorbrokers.com\/es\/wp-json\/wp\/v2\/pages\/109711\/revisions\/127096"}],"up":[{"embeddable":true,"href":"https:\/\/windsorbrokers.com\/es\/wp-json\/wp\/v2\/pages\/110209"}],"wp:featuredmedia":[{"embeddable":true,"href":"https:\/\/windsorbrokers.com\/es\/wp-json\/wp\/v2\/media\/105338"}],"wp:attachment":[{"href":"https:\/\/windsorbrokers.com\/es\/wp-json\/wp\/v2\/media?parent=109711"}],"curies":[{"name":"wp","href":"https:\/\/api.w.org\/{rel}","templated":true}]}}